

















































{"id":786,"date":"2016-09-28T08:53:47","date_gmt":"2016-09-28T08:53:47","guid":{"rendered":"http:\/\/dev.vermis.hu\/sciencepark\/?page_id=786"},"modified":"2026-04-01T16:10:48","modified_gmt":"2026-04-01T16:10:48","slug":"galeria","status":"publish","type":"page","link":"https:\/\/sciencepark.hu\/hu\/galeria\/","title":{"rendered":"Galeria"},"content":{"rendered":"<div class=\"wpb-content-wrapper\"><p>[vc_row full_width=&#8221;stretch_row&#8221;][vc_column css=&#8221;.vc_custom_1733920649055{margin-right: 0px !important;margin-left: 0px !important;}&#8221;][vc_column_text css=&#8221;&#8221;]<\/p>\n<p>ngg_shortcode_0_placeholder[\/vc_column_text][\/vc_column][\/vc_row]<\/p>\n<\/div>","protected":false},"excerpt":{"rendered":"<p>[vc_row full_width=&#8221;stretch_row&#8221;][vc_column css=&#8221;.vc_custom_1733920649055{margin-right: 0px !important;margin-left: 0px !important;}&#8221;][vc_column_text css=&#8221;&#8221;] [\/vc_column_text][\/vc_column][\/vc_row]<\/p>\n","protected":false},"author":1,"featured_media":0,"parent":0,"menu_order":0,"comment_status":"closed","ping_status":"closed","template":"","meta":{"inline_featured_image":false,"ngg_post_thumbnail":0,"footnotes":""},"class_list":["post-786","page","type-page","status-publish","hentry"],"yoast_head":"<!-- This site is optimized with the Yoast SEO plugin v27.3 - https:\/\/yoast.com\/product\/yoast-seo-wordpress\/ -->\n<title>Galeria - Science Park<\/title>\n<meta name=\"robots\" content=\"index, follow, max-snippet:-1, max-image-preview:large, max-video-preview:-1\" \/>\n<link rel=\"canonical\" href=\"https:\/\/sciencepark.hu\/hu\/galeria\/\" \/>\n<meta property=\"og:locale\" content=\"hu_HU\" \/>\n<meta property=\"og:type\" content=\"article\" \/>\n<meta property=\"og:title\" content=\"Galeria - Science Park\" \/>\n<meta property=\"og:description\" content=\"[vc_row full_width=&#8221;stretch_row&#8221;][vc_column css=&#8221;.vc_custom_1733920649055{margin-right: 0px !important;margin-left: 0px !important;}&#8221;][vc_column_text css=&#8221;&#8221;] [\/vc_column_text][\/vc_column][\/vc_row]\" \/>\n<meta property=\"og:url\" content=\"https:\/\/sciencepark.hu\/hu\/galeria\/\" \/>\n<meta property=\"og:site_name\" content=\"Science Park\" \/>\n<meta property=\"article:modified_time\" content=\"2026-04-01T16:10:48+00:00\" \/>\n<meta property=\"og:image\" content=\"https:\/\/sciencepark.hu\/wp-content\/uploads\/2024\/12\/hero02.jpg\" \/>\n\t<meta property=\"og:image:width\" content=\"2000\" \/>\n\t<meta property=\"og:image:height\" content=\"1333\" \/>\n\t<meta property=\"og:image:type\" content=\"image\/jpeg\" \/>\n<meta name=\"twitter:card\" content=\"summary_large_image\" \/>\n<meta name=\"twitter:title\" content=\"Galeria - Science Park\" \/>\n<meta name=\"twitter:image\" content=\"https:\/\/sciencepark.hu\/wp-content\/uploads\/2024\/12\/hero02.jpg\" \/>\n<meta name=\"twitter:label1\" content=\"Becs\u00fclt olvas\u00e1si id\u0151\" \/>\n\t<meta name=\"twitter:data1\" content=\"1 perc\" \/>\n<script type=\"application\/ld+json\" class=\"yoast-schema-graph\">{\"@context\":\"https:\\\/\\\/schema.org\",\"@graph\":[{\"@type\":\"WebPage\",\"@id\":\"https:\\\/\\\/sciencepark.hu\\\/hu\\\/galeria\\\/\",\"url\":\"https:\\\/\\\/sciencepark.hu\\\/hu\\\/galeria\\\/\",\"name\":\"Galeria - Science Park\",\"isPartOf\":{\"@id\":\"https:\\\/\\\/sciencepark.hu\\\/#website\"},\"datePublished\":\"2016-09-28T08:53:47+00:00\",\"dateModified\":\"2026-04-01T16:10:48+00:00\",\"breadcrumb\":{\"@id\":\"https:\\\/\\\/sciencepark.hu\\\/hu\\\/galeria\\\/#breadcrumb\"},\"inLanguage\":\"hu\",\"potentialAction\":[{\"@type\":\"ReadAction\",\"target\":[\"https:\\\/\\\/sciencepark.hu\\\/hu\\\/galeria\\\/\"]}]},{\"@type\":\"BreadcrumbList\",\"@id\":\"https:\\\/\\\/sciencepark.hu\\\/hu\\\/galeria\\\/#breadcrumb\",\"itemListElement\":[{\"@type\":\"ListItem\",\"position\":1,\"name\":\"Kezd\u0151lap\",\"item\":\"https:\\\/\\\/sciencepark.hu\\\/hu\\\/\"},{\"@type\":\"ListItem\",\"position\":2,\"name\":\"Galeria\"}]},{\"@type\":\"WebSite\",\"@id\":\"https:\\\/\\\/sciencepark.hu\\\/#website\",\"url\":\"https:\\\/\\\/sciencepark.hu\\\/\",\"name\":\"Science Park\",\"description\":\"Science Park\",\"publisher\":{\"@id\":\"https:\\\/\\\/sciencepark.hu\\\/#organization\"},\"potentialAction\":[{\"@type\":\"SearchAction\",\"target\":{\"@type\":\"EntryPoint\",\"urlTemplate\":\"https:\\\/\\\/sciencepark.hu\\\/?s={search_term_string}\"},\"query-input\":{\"@type\":\"PropertyValueSpecification\",\"valueRequired\":true,\"valueName\":\"search_term_string\"}}],\"inLanguage\":\"hu\"},{\"@type\":\"Organization\",\"@id\":\"https:\\\/\\\/sciencepark.hu\\\/#organization\",\"name\":\"Science Park\",\"url\":\"https:\\\/\\\/sciencepark.hu\\\/\",\"logo\":{\"@type\":\"ImageObject\",\"inLanguage\":\"hu\",\"@id\":\"https:\\\/\\\/sciencepark.hu\\\/#\\\/schema\\\/logo\\\/image\\\/\",\"url\":\"https:\\\/\\\/sciencepark.hu\\\/wp-content\\\/uploads\\\/2026\\\/04\\\/logo-1.png\",\"contentUrl\":\"https:\\\/\\\/sciencepark.hu\\\/wp-content\\\/uploads\\\/2026\\\/04\\\/logo-1.png\",\"width\":188,\"height\":104,\"caption\":\"Science Park\"},\"image\":{\"@id\":\"https:\\\/\\\/sciencepark.hu\\\/#\\\/schema\\\/logo\\\/image\\\/\"},\"sameAs\":[\"https:\\\/\\\/www.linkedin.com\\\/company\\\/science-park-offices-budapest\"]}]}<\/script>\n<!-- \/ Yoast SEO plugin. -->","yoast_head_json":{"title":"Galeria - Science Park","robots":{"index":"index","follow":"follow","max-snippet":"max-snippet:-1","max-image-preview":"max-image-preview:large","max-video-preview":"max-video-preview:-1"},"canonical":"https:\/\/sciencepark.hu\/hu\/galeria\/","og_locale":"hu_HU","og_type":"article","og_title":"Galeria - Science Park","og_description":"[vc_row full_width=&#8221;stretch_row&#8221;][vc_column css=&#8221;.vc_custom_1733920649055{margin-right: 0px !important;margin-left: 0px !important;}&#8221;][vc_column_text css=&#8221;&#8221;] [\/vc_column_text][\/vc_column][\/vc_row]","og_url":"https:\/\/sciencepark.hu\/hu\/galeria\/","og_site_name":"Science Park","article_modified_time":"2026-04-01T16:10:48+00:00","og_image":[{"width":2000,"height":1333,"url":"https:\/\/sciencepark.hu\/wp-content\/uploads\/2024\/12\/hero02.jpg","type":"image\/jpeg"}],"twitter_card":"summary_large_image","twitter_title":"Galeria - Science Park","twitter_image":"https:\/\/sciencepark.hu\/wp-content\/uploads\/2024\/12\/hero02.jpg","twitter_misc":{"Becs\u00fclt olvas\u00e1si id\u0151":"1 perc"},"schema":{"@context":"https:\/\/schema.org","@graph":[{"@type":"WebPage","@id":"https:\/\/sciencepark.hu\/hu\/galeria\/","url":"https:\/\/sciencepark.hu\/hu\/galeria\/","name":"Galeria - Science Park","isPartOf":{"@id":"https:\/\/sciencepark.hu\/#website"},"datePublished":"2016-09-28T08:53:47+00:00","dateModified":"2026-04-01T16:10:48+00:00","breadcrumb":{"@id":"https:\/\/sciencepark.hu\/hu\/galeria\/#breadcrumb"},"inLanguage":"hu","potentialAction":[{"@type":"ReadAction","target":["https:\/\/sciencepark.hu\/hu\/galeria\/"]}]},{"@type":"BreadcrumbList","@id":"https:\/\/sciencepark.hu\/hu\/galeria\/#breadcrumb","itemListElement":[{"@type":"ListItem","position":1,"name":"Kezd\u0151lap","item":"https:\/\/sciencepark.hu\/hu\/"},{"@type":"ListItem","position":2,"name":"Galeria"}]},{"@type":"WebSite","@id":"https:\/\/sciencepark.hu\/#website","url":"https:\/\/sciencepark.hu\/","name":"Science Park","description":"Science Park","publisher":{"@id":"https:\/\/sciencepark.hu\/#organization"},"potentialAction":[{"@type":"SearchAction","target":{"@type":"EntryPoint","urlTemplate":"https:\/\/sciencepark.hu\/?s={search_term_string}"},"query-input":{"@type":"PropertyValueSpecification","valueRequired":true,"valueName":"search_term_string"}}],"inLanguage":"hu"},{"@type":"Organization","@id":"https:\/\/sciencepark.hu\/#organization","name":"Science Park","url":"https:\/\/sciencepark.hu\/","logo":{"@type":"ImageObject","inLanguage":"hu","@id":"https:\/\/sciencepark.hu\/#\/schema\/logo\/image\/","url":"https:\/\/sciencepark.hu\/wp-content\/uploads\/2026\/04\/logo-1.png","contentUrl":"https:\/\/sciencepark.hu\/wp-content\/uploads\/2026\/04\/logo-1.png","width":188,"height":104,"caption":"Science Park"},"image":{"@id":"https:\/\/sciencepark.hu\/#\/schema\/logo\/image\/"},"sameAs":["https:\/\/www.linkedin.com\/company\/science-park-offices-budapest"]}]}},"_links":{"self":[{"href":"https:\/\/sciencepark.hu\/hu\/wp-json\/wp\/v2\/pages\/786","targetHints":{"allow":["GET"]}}],"collection":[{"href":"https:\/\/sciencepark.hu\/hu\/wp-json\/wp\/v2\/pages"}],"about":[{"href":"https:\/\/sciencepark.hu\/hu\/wp-json\/wp\/v2\/types\/page"}],"author":[{"embeddable":true,"href":"https:\/\/sciencepark.hu\/hu\/wp-json\/wp\/v2\/users\/1"}],"replies":[{"embeddable":true,"href":"https:\/\/sciencepark.hu\/hu\/wp-json\/wp\/v2\/comments?post=786"}],"version-history":[{"count":33,"href":"https:\/\/sciencepark.hu\/hu\/wp-json\/wp\/v2\/pages\/786\/revisions"}],"predecessor-version":[{"id":1741,"href":"https:\/\/sciencepark.hu\/hu\/wp-json\/wp\/v2\/pages\/786\/revisions\/1741"}],"wp:attachment":[{"href":"https:\/\/sciencepark.hu\/hu\/wp-json\/wp\/v2\/media?parent=786"}],"curies":[{"name":"wp","href":"https:\/\/api.w.org\/{rel}","templated":true}]}}