

















































{"id":656,"date":"2016-09-21T15:10:41","date_gmt":"2016-09-21T15:10:41","guid":{"rendered":"http:\/\/dev.vermis.hu\/sciencepark\/tagok\/"},"modified":"2026-04-01T16:06:39","modified_gmt":"2026-04-01T16:06:39","slug":"elhelyezkedes","status":"publish","type":"page","link":"https:\/\/sciencepark.hu\/hu\/elhelyezkedes\/","title":{"rendered":"Elhelyezked\u00e9s"},"content":{"rendered":"<div class=\"wpb-content-wrapper\"><p>Elhelyezked\u00e9s &#8211; Science Park[vc_row full_width=&#8221;stretch_row&#8221; css=&#8221;.vc_custom_1734513950578{background-color: #ffffff !important;}&#8221;][vc_column width=&#8221;1\/2&#8243; css=&#8221;.vc_custom_1771414666650{padding-top: 50px !important;padding-bottom: 50px !important;}&#8221;][vc_single_image image=&#8221;1815&#8243; img_size=&#8221;large&#8221; alignment=&#8221;center&#8221; css=&#8221;.vc_custom_1771414553211{padding-top: 20px !important;}&#8221;][\/vc_column][vc_column width=&#8221;1\/2&#8243; css=&#8221;.vc_custom_1771414674312{padding-top: 50px !important;padding-bottom: 50px !important;}&#8221;][vc_raw_html]JTNDaDMlM0UlM0Nmb250JTIwY29sb3IlM0QlMjIlMjMwYzgxYzUlMjIlM0VFbGhlbHllemtlZCVDMyVBOXMlM0MlMkZmb250JTNFJTNDJTJGaDMlM0UlMEElM0Nmb250JTIwY29sb3IlM0QlMjIlMjMzNzM3MzclMjIlM0VBJTIwU2NpZW5jZSUyMFBhcmslMjBCdWQlQzMlQTFuJTJDJTIwYSUyMFhJLiUyMGtlciVDMyVCQ2xldGJlbiUyMGhlbHllemtlZGlrJTIwZWwlMkMlMjBzeiVDMyVBMW1vcyUyMHN6JUMzJUFEbnZvbmFsYXMlMjBlZ3lldGVtJTIwJUMzJUE5cyUyMGF6JTIwQWxsZWUlMjBiZXYlQzMlQTFzJUMzJUExcmwlQzMlQjNrJUMzJUI2enBvbnQlMjBrJUMzJUI2emVsJUMzJUE5YmVuLiUyMCUwQSUzQ2JyJTNFJTNDYnIlM0UlMEFBdXQlQzMlQjN2YWwlMjAlQzMlQTlzJTIwdCVDMyVCNm1lZ2slQzMlQjZ6bGVrZWQlQzMlQTlzc2VsJTIwZWd5YXIlQzMlQTFudCUyMGolQzMlQjNsJTIwbWVnayVDMyVCNnplbCVDMyVBRHRoZXQlQzUlOTElM0ElMjBhJTIwNC1lcyUyMCVDMyVBOXMlMjBhJTIwNi1vcyUyMHZpbGxhbW9zJTIwayVDMyVCNnp2ZXRsZW4lQzMlQkNsJTIwYXolMjAlQzMlQTlwJUMzJUJDbGV0JTIwZWwlQzUlOTF0dCUyMCVDMyVBMWxsJTIwbWVnJTJDJTIwYSUyMDQtZXMlMjBtZXRyJUMzJUIzJTIwbWVnJUMzJUExbGwlQzMlQjNqYSUyMHBlZGlnJTIwZWd5JTIwciVDMyVCNnZpZCUyMHMlQzMlQTl0JUMzJUExdmFsJTIwZWwlQzMlQTlyaGV0JUM1JTkxLiUyMCUzQyUyRmZvbnQlM0UlMEE=[\/vc_raw_html][vc_empty_space height=&#8221;&#8221; alter_height=&#8221;small&#8221; hide_on_mobile=&#8221;&#8221;][vc_column_text]<span style=\"color: #0c81c5;\"><b><span style=\"color: #0c81c5;\"><span style=\"font-size: x-large;\">Megk\u00f6zel\u00edt\u00e9s:<\/span><\/span> <\/b><\/span>[\/vc_column_text]<div id=\"sc_table_1917535503_wrap\" class=\"sc_table_wrap\"><div id=\"sc_table_1917535503\"\n\n\t\t\tclass=\"sc_table alignleft\"\n\n\t\t\t style=\"width:150%;\"\n\t\t\t>[vc_column_text]<table summary=\u201dLocation\u201d>\n<tr>\n<td><img loading=\"lazy\" decoding=\"async\" class=\"alignnone wp-image-1210 size-full\" src=\"https:\/\/sciencepark.hu\/wp-content\/uploads\/2016\/09\/bud2.png\" width=\"30\" height=\"30\">\u00a0<span style=\"color: #0c81c5;\">BUD: 30 perc<\/span><\/td>\n<td><img loading=\"lazy\" decoding=\"async\" class=\"alignnone wp-image-1212 size-full\" src=\"https:\/\/sciencepark.hu\/wp-content\/uploads\/2016\/09\/villamos2.png\" width=\"31\" height=\"31\">\u00a0<span style=\"color: #0c81c5;\">VILLAMOS: 4-es\/6-os villamos<\/span><\/td>\n<\/tr>\n<tr>\n<td><img loading=\"lazy\" decoding=\"async\" class=\"alignnone wp-image-1213 size-full\" src=\"https:\/\/sciencepark.hu\/wp-content\/uploads\/2016\/09\/m52.png\" width=\"30\" height=\"29\">\u00a0<span style=\"color: #0c81c5;\">M1, M7: 10 perc<\/span><\/td>\n<td><img loading=\"lazy\" decoding=\"async\" class=\"alignnone wp-image-1214 size-full\" src=\"https:\/\/sciencepark.hu\/wp-content\/uploads\/2016\/09\/busz2.png\" width=\"30\" height=\"30\">\u00a0<span style=\"color: #0c81c5;\">BUSZ: 33, 133, 153, 154, 212<\/span><\/td>\n<\/tr>\n<tr>\n<td><img loading=\"lazy\" decoding=\"async\" class=\"alignnone wp-image-1213 size-full\" src=\"https:\/\/sciencepark.hu\/wp-content\/uploads\/2016\/09\/m52.png\" width=\"30\" height=\"29\">\u00a0<span style=\"color: #0c81c5;\">M3: 15 perc<\/span><\/td>\n<td><img loading=\"lazy\" decoding=\"async\" class=\"alignnone wp-image-1215 size-full\" src=\"https:\/\/sciencepark.hu\/wp-content\/uploads\/2016\/09\/metro2.png\" width=\"31\" height=\"30\">\u00a0<span style=\"color: #0c81c5;\">METRO: M4<\/span><\/td>\n<\/tr>\n<tr>\n<td><img loading=\"lazy\" decoding=\"async\" class=\"alignnone wp-image-1213 size-full\" src=\"https:\/\/sciencepark.hu\/wp-content\/uploads\/2016\/09\/m52.png\" width=\"30\" height=\"29\">\u00a0<span style=\"color: #0c81c5;\">M5: 15 perc<\/span><\/td>\n<td><img loading=\"lazy\" decoding=\"async\" class=\"alignnone wp-image-1216 size-full\" src=\"https:\/\/sciencepark.hu\/wp-content\/uploads\/2016\/09\/boat2.png\" width=\"29\" height=\"29\"> <span style=\"color: #0c81c5;\">HAJ\u00d3: D11, D12, D13<\/span><\/td>\n<\/tr>\n<tr>\n<td><\/td>\n<td><img loading=\"lazy\" decoding=\"async\" class=\"alignnone wp-image-1705 size-full\" src=\"https:\/\/sciencepark.hu\/wp-content\/uploads\/2025\/09\/Budapest_hev_symbol2.png\" alt=\"\" width=\"26\" height=\"26\"> <span style=\"color: #0c81c5;\">H7: H\u00c9V<\/span><\/td>\n<\/tr><\/table>[\/vc_column_text]\n\t<\/div><\/div><!-- \/.sc_table_wrap -->[\/vc_column][\/vc_row]<\/p>\n<\/div>","protected":false},"excerpt":{"rendered":"<p>Elhelyezked\u00e9s &#8211; Science Park[vc_row full_width=&#8221;stretch_row&#8221; css=&#8221;.vc_custom_1734513950578{background-color: #ffffff !important;}&#8221;][vc_column width=&#8221;1\/2&#8243; css=&#8221;.vc_custom_1771414666650{padding-top: 50px !important;padding-bottom: 50px !important;}&#8221;][vc_single_image image=&#8221;1815&#8243; img_size=&#8221;large&#8221; alignment=&#8221;center&#8221; css=&#8221;.vc_custom_1771414553211{padding-top: 20px !important;}&#8221;][\/vc_column][vc_column width=&#8221;1\/2&#8243; css=&#8221;.vc_custom_1771414674312{padding-top: 50px !important;padding-bottom: 50px !important;}&#8221;][vc_raw_html]JTNDaDMlM0UlM0Nmb250JTIwY29sb3IlM0QlMjIlMjMwYzgxYzUlMjIlM0VFbGhlbHllemtlZCVDMyVBOXMlM0MlMkZmb250JTNFJTNDJTJGaDMlM0UlMEElM0Nmb250JTIwY29sb3IlM0QlMjIlMjMzNzM3MzclMjIlM0VBJTIwU2NpZW5jZSUyMFBhcmslMjBCdWQlQzMlQTFuJTJDJTIwYSUyMFhJLiUyMGtlciVDMyVCQ2xldGJlbiUyMGhlbHllemtlZGlrJTIwZWwlMkMlMjBzeiVDMyVBMW1vcyUyMHN6JUMzJUFEbnZvbmFsYXMlMjBlZ3lldGVtJTIwJUMzJUE5cyUyMGF6JTIwQWxsZWUlMjBiZXYlQzMlQTFzJUMzJUExcmwlQzMlQjNrJUMzJUI2enBvbnQlMjBrJUMzJUI2emVsJUMzJUE5YmVuLiUyMCUwQSUzQ2JyJTNFJTNDYnIlM0UlMEFBdXQlQzMlQjN2YWwlMjAlQzMlQTlzJTIwdCVDMyVCNm1lZ2slQzMlQjZ6bGVrZWQlQzMlQTlzc2VsJTIwZWd5YXIlQzMlQTFudCUyMGolQzMlQjNsJTIwbWVnayVDMyVCNnplbCVDMyVBRHRoZXQlQzUlOTElM0ElMjBhJTIwNC1lcyUyMCVDMyVBOXMlMjBhJTIwNi1vcyUyMHZpbGxhbW9zJTIwayVDMyVCNnp2ZXRsZW4lQzMlQkNsJTIwYXolMjAlQzMlQTlwJUMzJUJDbGV0JTIwZWwlQzUlOTF0dCUyMCVDMyVBMWxsJTIwbWVnJTJDJTIwYSUyMDQtZXMlMjBtZXRyJUMzJUIzJTIwbWVnJUMzJUExbGwlQzMlQjNqYSUyMHBlZGlnJTIwZWd5JTIwciVDMyVCNnZpZCUyMHMlQzMlQTl0JUMzJUExdmFsJTIwZWwlQzMlQTlyaGV0JUM1JTkxLiUyMCUzQyUyRmZvbnQlM0UlMEE=[\/vc_raw_html][vc_empty_space height=&#8221;&#8221; alter_height=&#8221;small&#8221; hide_on_mobile=&#8221;&#8221;][vc_column_text]Megk\u00f6zel\u00edt\u00e9s: [\/vc_column_text][\/vc_column][\/vc_row]<\/p>\n","protected":false},"author":1,"featured_media":0,"parent":0,"menu_order":0,"comment_status":"closed","ping_status":"closed","template":"","meta":{"inline_featured_image":false,"ngg_post_thumbnail":0,"footnotes":""},"class_list":["post-656","page","type-page","status-publish","hentry"],"yoast_head":"<!-- This site is optimized with the Yoast SEO plugin v27.3 - https:\/\/yoast.com\/product\/yoast-seo-wordpress\/ -->\n<title>Elhelyezked\u00e9s - Science Park<\/title>\n<meta name=\"description\" content=\"A Science Park Bud\u00e1n, a XI. ker\u00fcletben helyezkedik el, sz\u00e1mos sz\u00ednvonalas egyetem \u00e9s az Allee bev\u00e1s\u00e1rl\u00f3k\u00f6zpont k\u00f6zel\u00e9ben.\" \/>\n<meta name=\"robots\" content=\"index, follow, max-snippet:-1, max-image-preview:large, max-video-preview:-1\" \/>\n<link rel=\"canonical\" href=\"https:\/\/sciencepark.hu\/hu\/elhelyezkedes\/\" \/>\n<meta property=\"og:locale\" content=\"hu_HU\" \/>\n<meta property=\"og:type\" content=\"article\" \/>\n<meta property=\"og:title\" content=\"Elhelyezked\u00e9s - Science Park\" \/>\n<meta property=\"og:description\" content=\"A Science Park Bud\u00e1n, a XI. ker\u00fcletben helyezkedik el, sz\u00e1mos sz\u00ednvonalas egyetem \u00e9s az Allee bev\u00e1s\u00e1rl\u00f3k\u00f6zpont k\u00f6zel\u00e9ben.\" \/>\n<meta property=\"og:url\" content=\"https:\/\/sciencepark.hu\/hu\/elhelyezkedes\/\" \/>\n<meta property=\"og:site_name\" content=\"Science Park\" \/>\n<meta property=\"article:modified_time\" content=\"2026-04-01T16:06:39+00:00\" \/>\n<meta property=\"og:image\" content=\"https:\/\/sciencepark.hu\/wp-content\/uploads\/2016\/09\/map.jpg\" \/>\n\t<meta property=\"og:image:width\" content=\"960\" \/>\n\t<meta property=\"og:image:height\" content=\"325\" \/>\n\t<meta property=\"og:image:type\" content=\"image\/jpeg\" \/>\n<meta name=\"twitter:card\" content=\"summary_large_image\" \/>\n<meta name=\"twitter:title\" content=\"Elhelyezked\u00e9s - Science Park\" \/>\n<meta name=\"twitter:description\" content=\"A Science Park Bud\u00e1n, a XI. ker\u00fcletben helyezkedik el, sz\u00e1mos sz\u00ednvonalas egyetem \u00e9s az Allee bev\u00e1s\u00e1rl\u00f3k\u00f6zpont k\u00f6zel\u00e9ben.\" \/>\n<meta name=\"twitter:image\" content=\"https:\/\/sciencepark.hu\/wp-content\/uploads\/2016\/09\/map.jpg\" \/>\n<meta name=\"twitter:label1\" content=\"Becs\u00fclt olvas\u00e1si id\u0151\" \/>\n\t<meta name=\"twitter:data1\" content=\"3 perc\" \/>\n<script type=\"application\/ld+json\" class=\"yoast-schema-graph\">{\"@context\":\"https:\\\/\\\/schema.org\",\"@graph\":[{\"@type\":\"WebPage\",\"@id\":\"https:\\\/\\\/sciencepark.hu\\\/hu\\\/elhelyezkedes\\\/\",\"url\":\"https:\\\/\\\/sciencepark.hu\\\/hu\\\/elhelyezkedes\\\/\",\"name\":\"Elhelyezked\u00e9s - Science Park\",\"isPartOf\":{\"@id\":\"https:\\\/\\\/sciencepark.hu\\\/#website\"},\"primaryImageOfPage\":{\"@id\":\"https:\\\/\\\/sciencepark.hu\\\/hu\\\/elhelyezkedes\\\/#primaryimage\"},\"image\":{\"@id\":\"https:\\\/\\\/sciencepark.hu\\\/hu\\\/elhelyezkedes\\\/#primaryimage\"},\"thumbnailUrl\":\"https:\\\/\\\/sciencepark.hu\\\/wp-content\\\/uploads\\\/2016\\\/09\\\/bud2.png\",\"datePublished\":\"2016-09-21T15:10:41+00:00\",\"dateModified\":\"2026-04-01T16:06:39+00:00\",\"description\":\"A Science Park Bud\u00e1n, a XI. ker\u00fcletben helyezkedik el, sz\u00e1mos sz\u00ednvonalas egyetem \u00e9s az Allee bev\u00e1s\u00e1rl\u00f3k\u00f6zpont k\u00f6zel\u00e9ben.\",\"breadcrumb\":{\"@id\":\"https:\\\/\\\/sciencepark.hu\\\/hu\\\/elhelyezkedes\\\/#breadcrumb\"},\"inLanguage\":\"hu\",\"potentialAction\":[{\"@type\":\"ReadAction\",\"target\":[\"https:\\\/\\\/sciencepark.hu\\\/hu\\\/elhelyezkedes\\\/\"]}]},{\"@type\":\"ImageObject\",\"inLanguage\":\"hu\",\"@id\":\"https:\\\/\\\/sciencepark.hu\\\/hu\\\/elhelyezkedes\\\/#primaryimage\",\"url\":\"https:\\\/\\\/sciencepark.hu\\\/wp-content\\\/uploads\\\/2016\\\/09\\\/bud2.png\",\"contentUrl\":\"https:\\\/\\\/sciencepark.hu\\\/wp-content\\\/uploads\\\/2016\\\/09\\\/bud2.png\"},{\"@type\":\"BreadcrumbList\",\"@id\":\"https:\\\/\\\/sciencepark.hu\\\/hu\\\/elhelyezkedes\\\/#breadcrumb\",\"itemListElement\":[{\"@type\":\"ListItem\",\"position\":1,\"name\":\"Kezd\u0151lap\",\"item\":\"https:\\\/\\\/sciencepark.hu\\\/hu\\\/\"},{\"@type\":\"ListItem\",\"position\":2,\"name\":\"Elhelyezked\u00e9s\"}]},{\"@type\":\"WebSite\",\"@id\":\"https:\\\/\\\/sciencepark.hu\\\/#website\",\"url\":\"https:\\\/\\\/sciencepark.hu\\\/\",\"name\":\"Science Park\",\"description\":\"Science Park\",\"publisher\":{\"@id\":\"https:\\\/\\\/sciencepark.hu\\\/#organization\"},\"potentialAction\":[{\"@type\":\"SearchAction\",\"target\":{\"@type\":\"EntryPoint\",\"urlTemplate\":\"https:\\\/\\\/sciencepark.hu\\\/?s={search_term_string}\"},\"query-input\":{\"@type\":\"PropertyValueSpecification\",\"valueRequired\":true,\"valueName\":\"search_term_string\"}}],\"inLanguage\":\"hu\"},{\"@type\":\"Organization\",\"@id\":\"https:\\\/\\\/sciencepark.hu\\\/#organization\",\"name\":\"Science Park\",\"url\":\"https:\\\/\\\/sciencepark.hu\\\/\",\"logo\":{\"@type\":\"ImageObject\",\"inLanguage\":\"hu\",\"@id\":\"https:\\\/\\\/sciencepark.hu\\\/#\\\/schema\\\/logo\\\/image\\\/\",\"url\":\"https:\\\/\\\/sciencepark.hu\\\/wp-content\\\/uploads\\\/2026\\\/04\\\/logo-1.png\",\"contentUrl\":\"https:\\\/\\\/sciencepark.hu\\\/wp-content\\\/uploads\\\/2026\\\/04\\\/logo-1.png\",\"width\":188,\"height\":104,\"caption\":\"Science Park\"},\"image\":{\"@id\":\"https:\\\/\\\/sciencepark.hu\\\/#\\\/schema\\\/logo\\\/image\\\/\"},\"sameAs\":[\"https:\\\/\\\/www.linkedin.com\\\/company\\\/science-park-offices-budapest\"]}]}<\/script>\n<!-- \/ Yoast SEO plugin. -->","yoast_head_json":{"title":"Elhelyezked\u00e9s - Science Park","description":"A Science Park Bud\u00e1n, a XI. ker\u00fcletben helyezkedik el, sz\u00e1mos sz\u00ednvonalas egyetem \u00e9s az Allee bev\u00e1s\u00e1rl\u00f3k\u00f6zpont k\u00f6zel\u00e9ben.","robots":{"index":"index","follow":"follow","max-snippet":"max-snippet:-1","max-image-preview":"max-image-preview:large","max-video-preview":"max-video-preview:-1"},"canonical":"https:\/\/sciencepark.hu\/hu\/elhelyezkedes\/","og_locale":"hu_HU","og_type":"article","og_title":"Elhelyezked\u00e9s - Science Park","og_description":"A Science Park Bud\u00e1n, a XI. ker\u00fcletben helyezkedik el, sz\u00e1mos sz\u00ednvonalas egyetem \u00e9s az Allee bev\u00e1s\u00e1rl\u00f3k\u00f6zpont k\u00f6zel\u00e9ben.","og_url":"https:\/\/sciencepark.hu\/hu\/elhelyezkedes\/","og_site_name":"Science Park","article_modified_time":"2026-04-01T16:06:39+00:00","og_image":[{"width":960,"height":325,"url":"https:\/\/sciencepark.hu\/wp-content\/uploads\/2016\/09\/map.jpg","type":"image\/jpeg"}],"twitter_card":"summary_large_image","twitter_title":"Elhelyezked\u00e9s - Science Park","twitter_description":"A Science Park Bud\u00e1n, a XI. ker\u00fcletben helyezkedik el, sz\u00e1mos sz\u00ednvonalas egyetem \u00e9s az Allee bev\u00e1s\u00e1rl\u00f3k\u00f6zpont k\u00f6zel\u00e9ben.","twitter_image":"https:\/\/sciencepark.hu\/wp-content\/uploads\/2016\/09\/map.jpg","twitter_misc":{"Becs\u00fclt olvas\u00e1si id\u0151":"3 perc"},"schema":{"@context":"https:\/\/schema.org","@graph":[{"@type":"WebPage","@id":"https:\/\/sciencepark.hu\/hu\/elhelyezkedes\/","url":"https:\/\/sciencepark.hu\/hu\/elhelyezkedes\/","name":"Elhelyezked\u00e9s - Science Park","isPartOf":{"@id":"https:\/\/sciencepark.hu\/#website"},"primaryImageOfPage":{"@id":"https:\/\/sciencepark.hu\/hu\/elhelyezkedes\/#primaryimage"},"image":{"@id":"https:\/\/sciencepark.hu\/hu\/elhelyezkedes\/#primaryimage"},"thumbnailUrl":"https:\/\/sciencepark.hu\/wp-content\/uploads\/2016\/09\/bud2.png","datePublished":"2016-09-21T15:10:41+00:00","dateModified":"2026-04-01T16:06:39+00:00","description":"A Science Park Bud\u00e1n, a XI. ker\u00fcletben helyezkedik el, sz\u00e1mos sz\u00ednvonalas egyetem \u00e9s az Allee bev\u00e1s\u00e1rl\u00f3k\u00f6zpont k\u00f6zel\u00e9ben.","breadcrumb":{"@id":"https:\/\/sciencepark.hu\/hu\/elhelyezkedes\/#breadcrumb"},"inLanguage":"hu","potentialAction":[{"@type":"ReadAction","target":["https:\/\/sciencepark.hu\/hu\/elhelyezkedes\/"]}]},{"@type":"ImageObject","inLanguage":"hu","@id":"https:\/\/sciencepark.hu\/hu\/elhelyezkedes\/#primaryimage","url":"https:\/\/sciencepark.hu\/wp-content\/uploads\/2016\/09\/bud2.png","contentUrl":"https:\/\/sciencepark.hu\/wp-content\/uploads\/2016\/09\/bud2.png"},{"@type":"BreadcrumbList","@id":"https:\/\/sciencepark.hu\/hu\/elhelyezkedes\/#breadcrumb","itemListElement":[{"@type":"ListItem","position":1,"name":"Kezd\u0151lap","item":"https:\/\/sciencepark.hu\/hu\/"},{"@type":"ListItem","position":2,"name":"Elhelyezked\u00e9s"}]},{"@type":"WebSite","@id":"https:\/\/sciencepark.hu\/#website","url":"https:\/\/sciencepark.hu\/","name":"Science Park","description":"Science Park","publisher":{"@id":"https:\/\/sciencepark.hu\/#organization"},"potentialAction":[{"@type":"SearchAction","target":{"@type":"EntryPoint","urlTemplate":"https:\/\/sciencepark.hu\/?s={search_term_string}"},"query-input":{"@type":"PropertyValueSpecification","valueRequired":true,"valueName":"search_term_string"}}],"inLanguage":"hu"},{"@type":"Organization","@id":"https:\/\/sciencepark.hu\/#organization","name":"Science Park","url":"https:\/\/sciencepark.hu\/","logo":{"@type":"ImageObject","inLanguage":"hu","@id":"https:\/\/sciencepark.hu\/#\/schema\/logo\/image\/","url":"https:\/\/sciencepark.hu\/wp-content\/uploads\/2026\/04\/logo-1.png","contentUrl":"https:\/\/sciencepark.hu\/wp-content\/uploads\/2026\/04\/logo-1.png","width":188,"height":104,"caption":"Science Park"},"image":{"@id":"https:\/\/sciencepark.hu\/#\/schema\/logo\/image\/"},"sameAs":["https:\/\/www.linkedin.com\/company\/science-park-offices-budapest"]}]}},"_links":{"self":[{"href":"https:\/\/sciencepark.hu\/hu\/wp-json\/wp\/v2\/pages\/656","targetHints":{"allow":["GET"]}}],"collection":[{"href":"https:\/\/sciencepark.hu\/hu\/wp-json\/wp\/v2\/pages"}],"about":[{"href":"https:\/\/sciencepark.hu\/hu\/wp-json\/wp\/v2\/types\/page"}],"author":[{"embeddable":true,"href":"https:\/\/sciencepark.hu\/hu\/wp-json\/wp\/v2\/users\/1"}],"replies":[{"embeddable":true,"href":"https:\/\/sciencepark.hu\/hu\/wp-json\/wp\/v2\/comments?post=656"}],"version-history":[{"count":222,"href":"https:\/\/sciencepark.hu\/hu\/wp-json\/wp\/v2\/pages\/656\/revisions"}],"predecessor-version":[{"id":1834,"href":"https:\/\/sciencepark.hu\/hu\/wp-json\/wp\/v2\/pages\/656\/revisions\/1834"}],"wp:attachment":[{"href":"https:\/\/sciencepark.hu\/hu\/wp-json\/wp\/v2\/media?parent=656"}],"curies":[{"name":"wp","href":"https:\/\/api.w.org\/{rel}","templated":true}]}}