

















































{"id":562,"date":"2016-08-29T12:45:08","date_gmt":"2016-08-29T12:45:08","guid":{"rendered":"http:\/\/dev.vermis.hu\/sciencepark\/checkout\/"},"modified":"2026-04-01T15:48:24","modified_gmt":"2026-04-01T15:48:24","slug":"breeam-epc","status":"publish","type":"page","link":"https:\/\/sciencepark.hu\/hu\/breeam-epc\/","title":{"rendered":"Breeam &#038; EPC"},"content":{"rendered":"<div class=\"wpb-content-wrapper\"><p>[vc_row full_width=&#8221;stretch_row&#8221; css=&#8221;.vc_custom_1477307745755{background-color: #ffffff !important;}&#8221;][vc_column width=&#8221;2\/4&#8243;][vc_empty_space height=&#8221;&#8221; alter_height=&#8221;medium&#8221; hide_on_mobile=&#8221;&#8221;][vc_raw_html]JTNDaDIlM0UlM0Nmb250JTIwY29sb3IlM0QlMjIlMjMwYzgxYzUlMjIlM0VCUkVFQU0lM0MlMkZmb250JTNFJTNDJTJGaDIlM0U=[\/vc_raw_html][vc_row_inner][vc_column_inner width=&#8221;1\/2&#8243;][vc_gallery interval=&#8221;3&#8243; images=&#8221;1459&#8243; img_size=&#8221;large&#8221;][\/vc_column_inner][vc_column_inner width=&#8221;1\/2&#8243;][vc_gallery interval=&#8221;3&#8243; images=&#8221;1461&#8243; img_size=&#8221;large&#8221;][\/vc_column_inner][\/vc_row_inner][\/vc_column][vc_column width=&#8221;1\/4&#8243;][vc_empty_space height=&#8221;&#8221; alter_height=&#8221;medium&#8221; hide_on_mobile=&#8221;&#8221;][vc_raw_html]JTNDaDIlM0UlM0Nmb250JTIwY29sb3IlM0QlMjIlMjMwYzgxYzUlMjIlM0VFUEMlM0MlMkZmb250JTNFJTNDJTJGaDIlM0U=[\/vc_raw_html][vc_gallery interval=&#8221;3&#8243; images=&#8221;1492&#8243; img_size=&#8221;large&#8221;][\/vc_column][vc_column width=&#8221;1\/4&#8243;][\/vc_column][\/vc_row]<\/p>\n<\/div>","protected":false},"excerpt":{"rendered":"<p>[vc_row full_width=&#8221;stretch_row&#8221; css=&#8221;.vc_custom_1477307745755{background-color: #ffffff !important;}&#8221;][vc_column width=&#8221;2\/4&#8243;][vc_empty_space height=&#8221;&#8221; alter_height=&#8221;medium&#8221; hide_on_mobile=&#8221;&#8221;][vc_raw_html]JTNDaDIlM0UlM0Nmb250JTIwY29sb3IlM0QlMjIlMjMwYzgxYzUlMjIlM0VCUkVFQU0lM0MlMkZmb250JTNFJTNDJTJGaDIlM0U=[\/vc_raw_html][vc_row_inner][vc_column_inner width=&#8221;1\/2&#8243;][vc_gallery interval=&#8221;3&#8243; images=&#8221;1459&#8243; img_size=&#8221;large&#8221;][\/vc_column_inner][vc_column_inner width=&#8221;1\/2&#8243;][vc_gallery interval=&#8221;3&#8243; images=&#8221;1461&#8243; img_size=&#8221;large&#8221;][\/vc_column_inner][\/vc_row_inner][\/vc_column][vc_column width=&#8221;1\/4&#8243;][vc_empty_space height=&#8221;&#8221; alter_height=&#8221;medium&#8221; hide_on_mobile=&#8221;&#8221;][vc_raw_html]JTNDaDIlM0UlM0Nmb250JTIwY29sb3IlM0QlMjIlMjMwYzgxYzUlMjIlM0VFUEMlM0MlMkZmb250JTNFJTNDJTJGaDIlM0U=[\/vc_raw_html][vc_gallery interval=&#8221;3&#8243; images=&#8221;1492&#8243; img_size=&#8221;large&#8221;][\/vc_column][vc_column width=&#8221;1\/4&#8243;][\/vc_column][\/vc_row]<\/p>\n","protected":false},"author":1,"featured_media":0,"parent":0,"menu_order":0,"comment_status":"closed","ping_status":"closed","template":"","meta":{"inline_featured_image":false,"ngg_post_thumbnail":0,"footnotes":""},"class_list":["post-562","page","type-page","status-publish","hentry"],"yoast_head":"<!-- This site is optimized with the Yoast SEO plugin v27.3 - https:\/\/yoast.com\/product\/yoast-seo-wordpress\/ -->\n<title>Breeam &amp; EPC - Science Park<\/title>\n<meta name=\"description\" content=\"BREEAM \u00e9s EPC szolg\u00e1ltat\u00e1sok \u2013 fenntarthat\u00f3 \u00e9s energiahat\u00e9kony \u00e9p\u00fcletek szak\u00e9rt\u0151i t\u00e1mogat\u00e1ssal.\" \/>\n<meta name=\"robots\" content=\"index, follow, max-snippet:-1, max-image-preview:large, max-video-preview:-1\" \/>\n<link rel=\"canonical\" href=\"https:\/\/sciencepark.hu\/hu\/breeam-epc\/\" \/>\n<meta property=\"og:locale\" content=\"hu_HU\" \/>\n<meta property=\"og:type\" content=\"article\" \/>\n<meta property=\"og:title\" content=\"Breeam &amp; EPC\" \/>\n<meta property=\"og:description\" content=\"BREEAM \u00e9s EPC szolg\u00e1ltat\u00e1sok \u2013 fenntarthat\u00f3 \u00e9s energiahat\u00e9kony \u00e9p\u00fcletek szak\u00e9rt\u0151i t\u00e1mogat\u00e1ssal.\" \/>\n<meta property=\"og:url\" content=\"https:\/\/sciencepark.hu\/hu\/breeam-epc\/\" \/>\n<meta property=\"og:site_name\" content=\"Science Park\" \/>\n<meta property=\"article:modified_time\" content=\"2026-04-01T15:48:24+00:00\" \/>\n<meta property=\"og:image\" content=\"https:\/\/sciencepark.hu\/wp-content\/uploads\/2024\/12\/e-tanusitvany_HET-1007-4825-1-2-scaled.jpg\" \/>\n\t<meta property=\"og:image:width\" content=\"1809\" \/>\n\t<meta property=\"og:image:height\" content=\"2560\" \/>\n\t<meta property=\"og:image:type\" content=\"image\/jpeg\" \/>\n<meta name=\"twitter:card\" content=\"summary_large_image\" \/>\n<meta name=\"twitter:title\" content=\"Breeam &amp; EPC\" \/>\n<meta name=\"twitter:description\" content=\"BREEAM \u00e9s EPC szolg\u00e1ltat\u00e1sok \u2013 fenntarthat\u00f3 \u00e9s energiahat\u00e9kony \u00e9p\u00fcletek szak\u00e9rt\u0151i t\u00e1mogat\u00e1ssal.\" \/>\n<meta name=\"twitter:image\" content=\"https:\/\/sciencepark.hu\/wp-content\/uploads\/2024\/12\/e-tanusitvany_HET-1007-4825-1-2-scaled.jpg\" \/>\n<meta name=\"twitter:label1\" content=\"Becs\u00fclt olvas\u00e1si id\u0151\" \/>\n\t<meta name=\"twitter:data1\" content=\"1 perc\" \/>\n<script type=\"application\/ld+json\" class=\"yoast-schema-graph\">{\"@context\":\"https:\\\/\\\/schema.org\",\"@graph\":[{\"@type\":\"WebPage\",\"@id\":\"https:\\\/\\\/sciencepark.hu\\\/hu\\\/breeam-epc\\\/\",\"url\":\"https:\\\/\\\/sciencepark.hu\\\/hu\\\/breeam-epc\\\/\",\"name\":\"Breeam & EPC - Science Park\",\"isPartOf\":{\"@id\":\"https:\\\/\\\/sciencepark.hu\\\/#website\"},\"datePublished\":\"2016-08-29T12:45:08+00:00\",\"dateModified\":\"2026-04-01T15:48:24+00:00\",\"description\":\"BREEAM \u00e9s EPC szolg\u00e1ltat\u00e1sok \u2013 fenntarthat\u00f3 \u00e9s energiahat\u00e9kony \u00e9p\u00fcletek szak\u00e9rt\u0151i t\u00e1mogat\u00e1ssal.\",\"breadcrumb\":{\"@id\":\"https:\\\/\\\/sciencepark.hu\\\/hu\\\/breeam-epc\\\/#breadcrumb\"},\"inLanguage\":\"hu\",\"potentialAction\":[{\"@type\":\"ReadAction\",\"target\":[\"https:\\\/\\\/sciencepark.hu\\\/hu\\\/breeam-epc\\\/\"]}]},{\"@type\":\"BreadcrumbList\",\"@id\":\"https:\\\/\\\/sciencepark.hu\\\/hu\\\/breeam-epc\\\/#breadcrumb\",\"itemListElement\":[{\"@type\":\"ListItem\",\"position\":1,\"name\":\"Kezd\u0151lap\",\"item\":\"https:\\\/\\\/sciencepark.hu\\\/hu\\\/\"},{\"@type\":\"ListItem\",\"position\":2,\"name\":\"Breeam &#038; EPC\"}]},{\"@type\":\"WebSite\",\"@id\":\"https:\\\/\\\/sciencepark.hu\\\/#website\",\"url\":\"https:\\\/\\\/sciencepark.hu\\\/\",\"name\":\"Science Park\",\"description\":\"Science Park\",\"publisher\":{\"@id\":\"https:\\\/\\\/sciencepark.hu\\\/#organization\"},\"potentialAction\":[{\"@type\":\"SearchAction\",\"target\":{\"@type\":\"EntryPoint\",\"urlTemplate\":\"https:\\\/\\\/sciencepark.hu\\\/?s={search_term_string}\"},\"query-input\":{\"@type\":\"PropertyValueSpecification\",\"valueRequired\":true,\"valueName\":\"search_term_string\"}}],\"inLanguage\":\"hu\"},{\"@type\":\"Organization\",\"@id\":\"https:\\\/\\\/sciencepark.hu\\\/#organization\",\"name\":\"Science Park\",\"url\":\"https:\\\/\\\/sciencepark.hu\\\/\",\"logo\":{\"@type\":\"ImageObject\",\"inLanguage\":\"hu\",\"@id\":\"https:\\\/\\\/sciencepark.hu\\\/#\\\/schema\\\/logo\\\/image\\\/\",\"url\":\"https:\\\/\\\/sciencepark.hu\\\/wp-content\\\/uploads\\\/2026\\\/04\\\/logo-1.png\",\"contentUrl\":\"https:\\\/\\\/sciencepark.hu\\\/wp-content\\\/uploads\\\/2026\\\/04\\\/logo-1.png\",\"width\":188,\"height\":104,\"caption\":\"Science Park\"},\"image\":{\"@id\":\"https:\\\/\\\/sciencepark.hu\\\/#\\\/schema\\\/logo\\\/image\\\/\"},\"sameAs\":[\"https:\\\/\\\/www.linkedin.com\\\/company\\\/science-park-offices-budapest\"]}]}<\/script>\n<!-- \/ Yoast SEO plugin. -->","yoast_head_json":{"title":"Breeam & EPC - Science Park","description":"BREEAM \u00e9s EPC szolg\u00e1ltat\u00e1sok \u2013 fenntarthat\u00f3 \u00e9s energiahat\u00e9kony \u00e9p\u00fcletek szak\u00e9rt\u0151i t\u00e1mogat\u00e1ssal.","robots":{"index":"index","follow":"follow","max-snippet":"max-snippet:-1","max-image-preview":"max-image-preview:large","max-video-preview":"max-video-preview:-1"},"canonical":"https:\/\/sciencepark.hu\/hu\/breeam-epc\/","og_locale":"hu_HU","og_type":"article","og_title":"Breeam & EPC","og_description":"BREEAM \u00e9s EPC szolg\u00e1ltat\u00e1sok \u2013 fenntarthat\u00f3 \u00e9s energiahat\u00e9kony \u00e9p\u00fcletek szak\u00e9rt\u0151i t\u00e1mogat\u00e1ssal.","og_url":"https:\/\/sciencepark.hu\/hu\/breeam-epc\/","og_site_name":"Science Park","article_modified_time":"2026-04-01T15:48:24+00:00","og_image":[{"width":1809,"height":2560,"url":"https:\/\/sciencepark.hu\/wp-content\/uploads\/2024\/12\/e-tanusitvany_HET-1007-4825-1-2-scaled.jpg","type":"image\/jpeg"}],"twitter_card":"summary_large_image","twitter_title":"Breeam & EPC","twitter_description":"BREEAM \u00e9s EPC szolg\u00e1ltat\u00e1sok \u2013 fenntarthat\u00f3 \u00e9s energiahat\u00e9kony \u00e9p\u00fcletek szak\u00e9rt\u0151i t\u00e1mogat\u00e1ssal.","twitter_image":"https:\/\/sciencepark.hu\/wp-content\/uploads\/2024\/12\/e-tanusitvany_HET-1007-4825-1-2-scaled.jpg","twitter_misc":{"Becs\u00fclt olvas\u00e1si id\u0151":"1 perc"},"schema":{"@context":"https:\/\/schema.org","@graph":[{"@type":"WebPage","@id":"https:\/\/sciencepark.hu\/hu\/breeam-epc\/","url":"https:\/\/sciencepark.hu\/hu\/breeam-epc\/","name":"Breeam & EPC - Science Park","isPartOf":{"@id":"https:\/\/sciencepark.hu\/#website"},"datePublished":"2016-08-29T12:45:08+00:00","dateModified":"2026-04-01T15:48:24+00:00","description":"BREEAM \u00e9s EPC szolg\u00e1ltat\u00e1sok \u2013 fenntarthat\u00f3 \u00e9s energiahat\u00e9kony \u00e9p\u00fcletek szak\u00e9rt\u0151i t\u00e1mogat\u00e1ssal.","breadcrumb":{"@id":"https:\/\/sciencepark.hu\/hu\/breeam-epc\/#breadcrumb"},"inLanguage":"hu","potentialAction":[{"@type":"ReadAction","target":["https:\/\/sciencepark.hu\/hu\/breeam-epc\/"]}]},{"@type":"BreadcrumbList","@id":"https:\/\/sciencepark.hu\/hu\/breeam-epc\/#breadcrumb","itemListElement":[{"@type":"ListItem","position":1,"name":"Kezd\u0151lap","item":"https:\/\/sciencepark.hu\/hu\/"},{"@type":"ListItem","position":2,"name":"Breeam &#038; EPC"}]},{"@type":"WebSite","@id":"https:\/\/sciencepark.hu\/#website","url":"https:\/\/sciencepark.hu\/","name":"Science Park","description":"Science Park","publisher":{"@id":"https:\/\/sciencepark.hu\/#organization"},"potentialAction":[{"@type":"SearchAction","target":{"@type":"EntryPoint","urlTemplate":"https:\/\/sciencepark.hu\/?s={search_term_string}"},"query-input":{"@type":"PropertyValueSpecification","valueRequired":true,"valueName":"search_term_string"}}],"inLanguage":"hu"},{"@type":"Organization","@id":"https:\/\/sciencepark.hu\/#organization","name":"Science Park","url":"https:\/\/sciencepark.hu\/","logo":{"@type":"ImageObject","inLanguage":"hu","@id":"https:\/\/sciencepark.hu\/#\/schema\/logo\/image\/","url":"https:\/\/sciencepark.hu\/wp-content\/uploads\/2026\/04\/logo-1.png","contentUrl":"https:\/\/sciencepark.hu\/wp-content\/uploads\/2026\/04\/logo-1.png","width":188,"height":104,"caption":"Science Park"},"image":{"@id":"https:\/\/sciencepark.hu\/#\/schema\/logo\/image\/"},"sameAs":["https:\/\/www.linkedin.com\/company\/science-park-offices-budapest"]}]}},"_links":{"self":[{"href":"https:\/\/sciencepark.hu\/hu\/wp-json\/wp\/v2\/pages\/562","targetHints":{"allow":["GET"]}}],"collection":[{"href":"https:\/\/sciencepark.hu\/hu\/wp-json\/wp\/v2\/pages"}],"about":[{"href":"https:\/\/sciencepark.hu\/hu\/wp-json\/wp\/v2\/types\/page"}],"author":[{"embeddable":true,"href":"https:\/\/sciencepark.hu\/hu\/wp-json\/wp\/v2\/users\/1"}],"replies":[{"embeddable":true,"href":"https:\/\/sciencepark.hu\/hu\/wp-json\/wp\/v2\/comments?post=562"}],"version-history":[{"count":30,"href":"https:\/\/sciencepark.hu\/hu\/wp-json\/wp\/v2\/pages\/562\/revisions"}],"predecessor-version":[{"id":1566,"href":"https:\/\/sciencepark.hu\/hu\/wp-json\/wp\/v2\/pages\/562\/revisions\/1566"}],"wp:attachment":[{"href":"https:\/\/sciencepark.hu\/hu\/wp-json\/wp\/v2\/media?parent=562"}],"curies":[{"name":"wp","href":"https:\/\/api.w.org\/{rel}","templated":true}]}}