

















































{"id":561,"date":"2016-08-29T12:45:07","date_gmt":"2016-08-29T12:45:07","guid":{"rendered":"http:\/\/dev.vermis.hu\/sciencepark\/cart\/"},"modified":"2026-04-01T15:40:50","modified_gmt":"2026-04-01T15:40:50","slug":"ajanlatkeres","status":"publish","type":"page","link":"https:\/\/sciencepark.hu\/hu\/ajanlatkeres\/","title":{"rendered":"Aj\u00e1nlatk\u00e9r\u00e9s"},"content":{"rendered":"<div class=\"wpb-content-wrapper\"><p>[vc_row full_width=&#8221;stretch_row&#8221; css=&#8221;.vc_custom_1477307427105{background-color: #ffffff !important;}&#8221;][vc_column][vc_empty_space height=&#8221;&#8221; hide_on_mobile=&#8221;&#8221; css=&#8221;.vc_custom_1751024593811{margin-bottom: 55px !important;border-bottom-width: 55px !important;}&#8221;][vc_raw_html]JTNDaDIlM0UlM0Nmb250JTIwY29sb3IlM0QlMjIlMjMwYzgxYzUlMjIlM0VBaiVDMyVBMW5sYXRrJUMzJUE5ciVDMyVBOXMlM0MlMkZmb250JTNFJTNDJTJGaDIlM0U=[\/vc_raw_html][vc_raw_html]JTNDcCUzRSUzQ2ZvbnQlMjBzaXplJTNEJTIyNSUyMiUyMGNvbG9yJTNEJTIyJTIzMzczNzM3JTIyJTNFSyVDMyVBOXJqJUMzJUJDayUyQyUyMGtpeiVDMyVBMXIlQzMlQjNsYWclMjBob3NzeiVDMyVCQXQlQzMlQTF2JUMzJUJBJTIwaXJvZGFiJUMzJUE5cmwlQzMlQTlzaSUyMHN6JUMzJUExbmQlQzMlQTlrJTIwZXNldCVDMyVBOW4lMjB0JUMzJUI2bHRzZSUyMGtpLiUyMEslQzMlQjZzeiVDMyVCNm5qJUMzJUJDay4lM0MlMkZmb250JTNFJTNDJTJGcCUzRSUwQSUzQ3AlM0UlM0Nmb250JTIwc2l6ZSUzRCUyMjUlMjIlMjBjb2xvciUzRCUyMiUyMzM3MzczNyUyMiUzRUFubmFrJTIwJUMzJUE5cmRlayVDMyVBOWJlbiUyQyUyMGhvZ3klMjBtdW5rYXQlQzMlQTFyc3VuayUyMGZlbGslQzMlQTlzeiVDMyVCQ2x0ZW4lMjB2ZWhlc3NlJTIwZmVsJTIwJUMzJTk2bm5lbCUyMGElMjBrYXBjc29sYXRvdCUyMCVDMyVBOXMlMjBtaW4lQzMlQTlsJTIwZWwlQzUlOTFiYiUyMCVDMyU5Nm5yZSUyMHN6YWJvdHQlMjBhaiVDMyVBMW5sYXR0YWwlMjBzZWclQzMlQUR0aGVzc2UlMjBpcm9kYXYlQzMlQTFsYXN6dCVDMyVBMXMlQzMlQTF0JTJDJTIwayVDMyVBOXJqJUMzJUJDayUyQyUyMGFkamElMjBtZWclMjBheiUyMGFsJUMzJUExYmJpJTIwYWRhdG9rYXQlM0MlMkZmb250JTNFJTNDJTJGcCUzRQ==[\/vc_raw_html][\/vc_column][vc_column width=&#8221;1\/6&#8243; offset=&#8221;vc_hidden-sm vc_hidden-xs&#8221;][\/vc_column][vc_column width=&#8221;2\/3&#8243;]\n<div class=\"wpcf7 no-js\" id=\"wpcf7-f1359-o1\" lang=\"hu-HU\" dir=\"ltr\" data-wpcf7-id=\"1359\">\n<div class=\"screen-reader-response\"><p role=\"status\" aria-live=\"polite\" aria-atomic=\"true\"><\/p> <ul><\/ul><\/div>\n<form action=\"\/hu\/wp-json\/wp\/v2\/pages\/561#wpcf7-f1359-o1\" method=\"post\" class=\"wpcf7-form init\" aria-label=\"Kapcsolatfelv\u00e9teli \u0171rlap\" novalidate=\"novalidate\" data-status=\"init\">\n<fieldset class=\"hidden-fields-container\"><input type=\"hidden\" name=\"_wpcf7\" value=\"1359\" \/><input type=\"hidden\" name=\"_wpcf7_version\" value=\"6.1.5\" \/><input type=\"hidden\" name=\"_wpcf7_locale\" value=\"hu_HU\" \/><input type=\"hidden\" name=\"_wpcf7_unit_tag\" value=\"wpcf7-f1359-o1\" \/><input type=\"hidden\" name=\"_wpcf7_container_post\" value=\"0\" \/><input type=\"hidden\" name=\"_wpcf7_posted_data_hash\" value=\"\" \/><input type=\"hidden\" name=\"_wpcf7_recaptcha_response\" value=\"\" \/>\n<\/fieldset>\n<div class=\"clearfix2\">\n\t<div id=\"left\">\n\t\t<p>N\u00e9v*<br \/>\n<span class=\"wpcf7-form-control-wrap\" data-name=\"your-name\"><input size=\"40\" maxlength=\"400\" class=\"wpcf7-form-control wpcf7-text wpcf7-validates-as-required\" aria-required=\"true\" aria-invalid=\"false\" value=\"\" type=\"text\" name=\"your-name\" \/><\/span>\n\t\t<\/p>\n\t\t<p>Email*<br \/>\n<span class=\"wpcf7-form-control-wrap\" data-name=\"your-email\"><input size=\"40\" maxlength=\"400\" class=\"wpcf7-form-control wpcf7-email wpcf7-validates-as-required wpcf7-text wpcf7-validates-as-email\" aria-required=\"true\" aria-invalid=\"false\" value=\"\" type=\"email\" name=\"your-email\" \/><\/span>\n\t\t<\/p>\n\t\t<p>Telefonsz\u00e1m:*<br \/>\n<span class=\"wpcf7-form-control-wrap\" data-name=\"tel-122\"><input size=\"40\" maxlength=\"400\" class=\"wpcf7-form-control wpcf7-tel wpcf7-validates-as-required wpcf7-text wpcf7-validates-as-tel\" aria-required=\"true\" aria-invalid=\"false\" value=\"\" type=\"tel\" name=\"tel-122\" \/><\/span>\n\t\t<\/p>\n\t<\/div>\n\t<div id=\"right\">\n\t\t<p>Sz\u00fcks\u00e9ges ter\u00fclet (m<sup>2<\/sup>)<br \/>\n<span class=\"wpcf7-form-control-wrap\" data-name=\"sqm\"><input size=\"40\" maxlength=\"400\" class=\"wpcf7-form-control wpcf7-text\" aria-invalid=\"false\" value=\"\" type=\"text\" name=\"sqm\" \/><\/span>\n\t\t<\/p>\n\t\t<p>B\u00e9rlet kezdete:<br \/>\n<span class=\"wpcf7-form-control-wrap\" data-name=\"date-505\"><input class=\"wpcf7-form-control wpcf7-date wpcf7-validates-as-date\" min=\"2016-10-27\" aria-invalid=\"false\" value=\"\" type=\"date\" name=\"date-505\" \/><\/span>\n\t\t<\/p>\n\t<\/div>\n\t<div id=\"full\">\n\t\t<p>K\u00e9rj\u00fck r\u00e9szletezze ig\u00e9nyeit:<br \/>\n<span class=\"wpcf7-form-control-wrap\" data-name=\"your-message\"><textarea cols=\"40\" rows=\"10\" maxlength=\"2000\" class=\"wpcf7-form-control wpcf7-textarea\" aria-invalid=\"false\" name=\"your-message\"><\/textarea><\/span>\n\t\t<\/p>\n\t\t<p><span class=\"wpcf7-form-control-wrap\" data-name=\"acceptance-9\"><span class=\"wpcf7-form-control wpcf7-acceptance\"><span class=\"wpcf7-list-item\"><label><input type=\"checkbox\" name=\"acceptance-9\" value=\"1\" class=\"chkbox\" aria-invalid=\"false\" \/><span class=\"wpcf7-list-item-label\">Az <a href=\"https:\/\/sciencepark.hu\/wp-content\/uploads\/2026\/03\/Nr.8.Tajekoztato-es-folyamatleiras-HONLAP-KAPCSOLAT2025.doc_.pdf\" target=\"_blank\">adatkezel\u00e9si t\u00e1j\u00e9koztat\u00f3<\/a> tartalm\u00e1t megismertem.<\/span><\/label><\/span><\/span><\/span>\n\t\t<\/p>\n\t\t<p><span class=\"wpcf7-form-control-wrap\" data-name=\"acceptance-832\"><span class=\"wpcf7-form-control wpcf7-acceptance\"><span class=\"wpcf7-list-item\"><label><input type=\"checkbox\" name=\"acceptance-832\" value=\"1\" class=\"chkbox\" aria-invalid=\"false\" \/><span class=\"wpcf7-list-item-label\">Az <a href=\"https:\/\/sciencepark.hu\/wp-content\/uploads\/2026\/03\/Nr.8.Tajekoztato-es-folyamatleiras-HONLAP-KAPCSOLAT2025.doc_.pdf\" target=\"_blank\">adatkezel\u00e9si t\u00e1j\u00e9koztat\u00f3ban<\/a> foglaltak szerint hozz\u00e1j\u00e1rulok szem\u00e9lyes adataim kezel\u00e9s\u00e9hez<\/span><\/label><\/span><\/span><\/span>\n\t\t<\/p>\n\t\t<div id=\"full_center\">\n\t\t\t<p><input class=\"wpcf7-form-control wpcf7-submit has-spinner\" type=\"submit\" value=\"K\u00dcLD\" \/>\n\t\t\t<\/p>\n\t\t<\/div>\n\t<\/div>\n<\/div><div class=\"wpcf7-response-output\" aria-hidden=\"true\"><\/div>\n<\/form>\n<\/div>\n[\/vc_column][vc_column width=&#8221;1\/6&#8243; offset=&#8221;vc_hidden-sm vc_hidden-xs&#8221;][\/vc_column][\/vc_row][vc_row full_width=&#8221;stretch_row&#8221; css=&#8221;.vc_custom_1477307510965{background-color: #ffffff !important;}&#8221;][vc_column width=&#8221;1\/6&#8243;][\/vc_column][vc_column width=&#8221;2\/3&#8243;][vc_raw_html]JTNDcCUzRSUzQ2ZvbnQlMjBjb2xvciUzRCUyMiUyMzM3MzczNyUyMiUzRUF6JTIwaXR0JTIwbWVnYWRvdHQlMjBpbmZvcm0lQzMlQTFjaSVDMyVCM3QlMjBraXolQzMlQTFyJUMzJUIzbGFnJTIwa2FwY3NvbGF0ZmVsdiVDMyVBOXRlbCUyMGMlQzMlQTlsaiVDMyVBMXJhJTIwaGFzem4lQzMlQTFsanVrLiUyMFN6ZW0lQzMlQTlseWVzJTIwYWRhdGFpdCUyMG5lbSUyMGFkanVrJTIwJUMzJUExdCUyQyUyMG5lbSUyMG9zenRqdWslMjBtZWclMjBzZW5raXZlbCUyQyUyMG5lbSUyMGFkanVrJTIwJUMzJUExdCUyMGhhcm1hZGlrJTIwZiVDMyVBOWwlMjByJUMzJUE5c3olQzMlQTlyZS4lM0MlMkZmb250JTNFJTNDJTJGcCUzRQ==[\/vc_raw_html][vc_empty_space height=&#8221;&#8221; alter_height=&#8221;medium&#8221; hide_on_mobile=&#8221;&#8221;][\/vc_column][vc_column width=&#8221;1\/6&#8243;][\/vc_column][\/vc_row]<\/p>\n<\/div>","protected":false},"excerpt":{"rendered":"<p>[vc_row full_width=&#8221;stretch_row&#8221; css=&#8221;.vc_custom_1477307427105{background-color: #ffffff !important;}&#8221;][vc_column][vc_empty_space height=&#8221;&#8221; hide_on_mobile=&#8221;&#8221; css=&#8221;.vc_custom_1751024593811{margin-bottom: 55px !important;border-bottom-width: 55px !important;}&#8221;][vc_raw_html]JTNDaDIlM0UlM0Nmb250JTIwY29sb3IlM0QlMjIlMjMwYzgxYzUlMjIlM0VBaiVDMyVBMW5sYXRrJUMzJUE5ciVDMyVBOXMlM0MlMkZmb250JTNFJTNDJTJGaDIlM0U=[\/vc_raw_html][vc_raw_html]JTNDcCUzRSUzQ2ZvbnQlMjBzaXplJTNEJTIyNSUyMiUyMGNvbG9yJTNEJTIyJTIzMzczNzM3JTIyJTNFSyVDMyVBOXJqJUMzJUJDayUyQyUyMGtpeiVDMyVBMXIlQzMlQjNsYWclMjBob3NzeiVDMyVCQXQlQzMlQTF2JUMzJUJBJTIwaXJvZGFiJUMzJUE5cmwlQzMlQTlzaSUyMHN6JUMzJUExbmQlQzMlQTlrJTIwZXNldCVDMyVBOW4lMjB0JUMzJUI2bHRzZSUyMGtpLiUyMEslQzMlQjZzeiVDMyVCNm5qJUMzJUJDay4lM0MlMkZmb250JTNFJTNDJTJGcCUzRSUwQSUzQ3AlM0UlM0Nmb250JTIwc2l6ZSUzRCUyMjUlMjIlMjBjb2xvciUzRCUyMiUyMzM3MzczNyUyMiUzRUFubmFrJTIwJUMzJUE5cmRlayVDMyVBOWJlbiUyQyUyMGhvZ3klMjBtdW5rYXQlQzMlQTFyc3VuayUyMGZlbGslQzMlQTlzeiVDMyVCQ2x0ZW4lMjB2ZWhlc3NlJTIwZmVsJTIwJUMzJTk2bm5lbCUyMGElMjBrYXBjc29sYXRvdCUyMCVDMyVBOXMlMjBtaW4lQzMlQTlsJTIwZWwlQzUlOTFiYiUyMCVDMyU5Nm5yZSUyMHN6YWJvdHQlMjBhaiVDMyVBMW5sYXR0YWwlMjBzZWclQzMlQUR0aGVzc2UlMjBpcm9kYXYlQzMlQTFsYXN6dCVDMyVBMXMlQzMlQTF0JTJDJTIwayVDMyVBOXJqJUMzJUJDayUyQyUyMGFkamElMjBtZWclMjBheiUyMGFsJUMzJUExYmJpJTIwYWRhdG9rYXQlM0MlMkZmb250JTNFJTNDJTJGcCUzRQ==[\/vc_raw_html][\/vc_column][vc_column width=&#8221;1\/6&#8243; offset=&#8221;vc_hidden-sm vc_hidden-xs&#8221;][\/vc_column][vc_column width=&#8221;2\/3&#8243;][\/vc_column][vc_column width=&#8221;1\/6&#8243; offset=&#8221;vc_hidden-sm vc_hidden-xs&#8221;][\/vc_column][\/vc_row][vc_row full_width=&#8221;stretch_row&#8221; css=&#8221;.vc_custom_1477307510965{background-color: #ffffff !important;}&#8221;][vc_column width=&#8221;1\/6&#8243;][\/vc_column][vc_column width=&#8221;2\/3&#8243;][vc_raw_html]JTNDcCUzRSUzQ2ZvbnQlMjBjb2xvciUzRCUyMiUyMzM3MzczNyUyMiUzRUF6JTIwaXR0JTIwbWVnYWRvdHQlMjBpbmZvcm0lQzMlQTFjaSVDMyVCM3QlMjBraXolQzMlQTFyJUMzJUIzbGFnJTIwa2FwY3NvbGF0ZmVsdiVDMyVBOXRlbCUyMGMlQzMlQTlsaiVDMyVBMXJhJTIwaGFzem4lQzMlQTFsanVrLiUyMFN6ZW0lQzMlQTlseWVzJTIwYWRhdGFpdCUyMG5lbSUyMGFkanVrJTIwJUMzJUExdCUyQyUyMG5lbSUyMG9zenRqdWslMjBtZWclMjBzZW5raXZlbCUyQyUyMG5lbSUyMGFkanVrJTIwJUMzJUExdCUyMGhhcm1hZGlrJTIwZiVDMyVBOWwlMjByJUMzJUE5c3olQzMlQTlyZS4lM0MlMkZmb250JTNFJTNDJTJGcCUzRQ==[\/vc_raw_html][vc_empty_space height=&#8221;&#8221; alter_height=&#8221;medium&#8221; hide_on_mobile=&#8221;&#8221;][\/vc_column][vc_column width=&#8221;1\/6&#8243;][\/vc_column][\/vc_row]<\/p>\n","protected":false},"author":1,"featured_media":0,"parent":0,"menu_order":0,"comment_status":"closed","ping_status":"closed","template":"","meta":{"inline_featured_image":false,"ngg_post_thumbnail":0,"footnotes":""},"class_list":["post-561","page","type-page","status-publish","hentry"],"yoast_head":"<!-- This site is optimized with the Yoast SEO plugin v27.3 - https:\/\/yoast.com\/product\/yoast-seo-wordpress\/ -->\n<title>Aj\u00e1nlatk\u00e9r\u00e9s - Science Park<\/title>\n<meta name=\"description\" content=\"K\u00e9rj\u00fck, kiz\u00e1r\u00f3lag hossz\u00fat\u00e1v\u00fa irodab\u00e9rl\u00e9si sz\u00e1nd\u00e9k\" \/>\n<meta name=\"robots\" content=\"index, follow, max-snippet:-1, max-image-preview:large, max-video-preview:-1\" \/>\n<link rel=\"canonical\" href=\"https:\/\/sciencepark.hu\/hu\/ajanlatkeres\/\" \/>\n<meta property=\"og:locale\" content=\"hu_HU\" \/>\n<meta property=\"og:type\" content=\"article\" \/>\n<meta property=\"og:title\" content=\"\u00c1raj\u00e1nlat k\u00e9r\u00e9s\" \/>\n<meta property=\"og:description\" content=\"Kiz\u00e1r\u00f3lag hossz\u00fat\u00e1v\u00fa irodab\u00e9rl\u00e9si sz\u00e1nd\u00e9k.\" \/>\n<meta property=\"og:url\" content=\"https:\/\/sciencepark.hu\/hu\/ajanlatkeres\/\" \/>\n<meta property=\"og:site_name\" content=\"Science Park\" \/>\n<meta property=\"article:modified_time\" content=\"2026-04-01T15:40:50+00:00\" \/>\n<meta property=\"og:image\" content=\"https:\/\/sciencepark.hu\/wp-content\/uploads\/2024\/12\/hero08.jpg\" \/>\n\t<meta property=\"og:image:width\" content=\"2000\" \/>\n\t<meta property=\"og:image:height\" content=\"1333\" \/>\n\t<meta property=\"og:image:type\" content=\"image\/jpeg\" \/>\n<meta name=\"twitter:card\" content=\"summary_large_image\" \/>\n<meta name=\"twitter:title\" content=\"\u00c1raj\u00e1nlat k\u00e9r\u00e9s\" \/>\n<meta name=\"twitter:description\" content=\"Kiz\u00e1r\u00f3lag hossz\u00fat\u00e1v\u00fa irodab\u00e9rl\u00e9si sz\u00e1nd\u00e9k.\" \/>\n<meta name=\"twitter:image\" content=\"https:\/\/sciencepark.hu\/wp-content\/uploads\/2024\/12\/hero08.jpg\" \/>\n<meta name=\"twitter:label1\" content=\"Becs\u00fclt olvas\u00e1si id\u0151\" \/>\n\t<meta name=\"twitter:data1\" content=\"1 perc\" \/>\n<script type=\"application\/ld+json\" class=\"yoast-schema-graph\">{\"@context\":\"https:\\\/\\\/schema.org\",\"@graph\":[{\"@type\":\"WebPage\",\"@id\":\"https:\\\/\\\/sciencepark.hu\\\/hu\\\/ajanlatkeres\\\/\",\"url\":\"https:\\\/\\\/sciencepark.hu\\\/hu\\\/ajanlatkeres\\\/\",\"name\":\"Aj\u00e1nlatk\u00e9r\u00e9s - Science Park\",\"isPartOf\":{\"@id\":\"https:\\\/\\\/sciencepark.hu\\\/#website\"},\"datePublished\":\"2016-08-29T12:45:07+00:00\",\"dateModified\":\"2026-04-01T15:40:50+00:00\",\"description\":\"K\u00e9rj\u00fck, kiz\u00e1r\u00f3lag hossz\u00fat\u00e1v\u00fa irodab\u00e9rl\u00e9si sz\u00e1nd\u00e9k\",\"breadcrumb\":{\"@id\":\"https:\\\/\\\/sciencepark.hu\\\/hu\\\/ajanlatkeres\\\/#breadcrumb\"},\"inLanguage\":\"hu\",\"potentialAction\":[{\"@type\":\"ReadAction\",\"target\":[\"https:\\\/\\\/sciencepark.hu\\\/hu\\\/ajanlatkeres\\\/\"]}]},{\"@type\":\"BreadcrumbList\",\"@id\":\"https:\\\/\\\/sciencepark.hu\\\/hu\\\/ajanlatkeres\\\/#breadcrumb\",\"itemListElement\":[{\"@type\":\"ListItem\",\"position\":1,\"name\":\"Kezd\u0151lap\",\"item\":\"https:\\\/\\\/sciencepark.hu\\\/hu\\\/\"},{\"@type\":\"ListItem\",\"position\":2,\"name\":\"Aj\u00e1nlatk\u00e9r\u00e9s\"}]},{\"@type\":\"WebSite\",\"@id\":\"https:\\\/\\\/sciencepark.hu\\\/#website\",\"url\":\"https:\\\/\\\/sciencepark.hu\\\/\",\"name\":\"Science Park\",\"description\":\"Science Park\",\"publisher\":{\"@id\":\"https:\\\/\\\/sciencepark.hu\\\/#organization\"},\"potentialAction\":[{\"@type\":\"SearchAction\",\"target\":{\"@type\":\"EntryPoint\",\"urlTemplate\":\"https:\\\/\\\/sciencepark.hu\\\/?s={search_term_string}\"},\"query-input\":{\"@type\":\"PropertyValueSpecification\",\"valueRequired\":true,\"valueName\":\"search_term_string\"}}],\"inLanguage\":\"hu\"},{\"@type\":\"Organization\",\"@id\":\"https:\\\/\\\/sciencepark.hu\\\/#organization\",\"name\":\"Science Park\",\"url\":\"https:\\\/\\\/sciencepark.hu\\\/\",\"logo\":{\"@type\":\"ImageObject\",\"inLanguage\":\"hu\",\"@id\":\"https:\\\/\\\/sciencepark.hu\\\/#\\\/schema\\\/logo\\\/image\\\/\",\"url\":\"https:\\\/\\\/sciencepark.hu\\\/wp-content\\\/uploads\\\/2026\\\/04\\\/logo-1.png\",\"contentUrl\":\"https:\\\/\\\/sciencepark.hu\\\/wp-content\\\/uploads\\\/2026\\\/04\\\/logo-1.png\",\"width\":188,\"height\":104,\"caption\":\"Science Park\"},\"image\":{\"@id\":\"https:\\\/\\\/sciencepark.hu\\\/#\\\/schema\\\/logo\\\/image\\\/\"},\"sameAs\":[\"https:\\\/\\\/www.linkedin.com\\\/company\\\/science-park-offices-budapest\"]}]}<\/script>\n<!-- \/ Yoast SEO plugin. -->","yoast_head_json":{"title":"Aj\u00e1nlatk\u00e9r\u00e9s - Science Park","description":"K\u00e9rj\u00fck, kiz\u00e1r\u00f3lag hossz\u00fat\u00e1v\u00fa irodab\u00e9rl\u00e9si sz\u00e1nd\u00e9k","robots":{"index":"index","follow":"follow","max-snippet":"max-snippet:-1","max-image-preview":"max-image-preview:large","max-video-preview":"max-video-preview:-1"},"canonical":"https:\/\/sciencepark.hu\/hu\/ajanlatkeres\/","og_locale":"hu_HU","og_type":"article","og_title":"\u00c1raj\u00e1nlat k\u00e9r\u00e9s","og_description":"Kiz\u00e1r\u00f3lag hossz\u00fat\u00e1v\u00fa irodab\u00e9rl\u00e9si sz\u00e1nd\u00e9k.","og_url":"https:\/\/sciencepark.hu\/hu\/ajanlatkeres\/","og_site_name":"Science Park","article_modified_time":"2026-04-01T15:40:50+00:00","og_image":[{"width":2000,"height":1333,"url":"https:\/\/sciencepark.hu\/wp-content\/uploads\/2024\/12\/hero08.jpg","type":"image\/jpeg"}],"twitter_card":"summary_large_image","twitter_title":"\u00c1raj\u00e1nlat k\u00e9r\u00e9s","twitter_description":"Kiz\u00e1r\u00f3lag hossz\u00fat\u00e1v\u00fa irodab\u00e9rl\u00e9si sz\u00e1nd\u00e9k.","twitter_image":"https:\/\/sciencepark.hu\/wp-content\/uploads\/2024\/12\/hero08.jpg","twitter_misc":{"Becs\u00fclt olvas\u00e1si id\u0151":"1 perc"},"schema":{"@context":"https:\/\/schema.org","@graph":[{"@type":"WebPage","@id":"https:\/\/sciencepark.hu\/hu\/ajanlatkeres\/","url":"https:\/\/sciencepark.hu\/hu\/ajanlatkeres\/","name":"Aj\u00e1nlatk\u00e9r\u00e9s - Science Park","isPartOf":{"@id":"https:\/\/sciencepark.hu\/#website"},"datePublished":"2016-08-29T12:45:07+00:00","dateModified":"2026-04-01T15:40:50+00:00","description":"K\u00e9rj\u00fck, kiz\u00e1r\u00f3lag hossz\u00fat\u00e1v\u00fa irodab\u00e9rl\u00e9si sz\u00e1nd\u00e9k","breadcrumb":{"@id":"https:\/\/sciencepark.hu\/hu\/ajanlatkeres\/#breadcrumb"},"inLanguage":"hu","potentialAction":[{"@type":"ReadAction","target":["https:\/\/sciencepark.hu\/hu\/ajanlatkeres\/"]}]},{"@type":"BreadcrumbList","@id":"https:\/\/sciencepark.hu\/hu\/ajanlatkeres\/#breadcrumb","itemListElement":[{"@type":"ListItem","position":1,"name":"Kezd\u0151lap","item":"https:\/\/sciencepark.hu\/hu\/"},{"@type":"ListItem","position":2,"name":"Aj\u00e1nlatk\u00e9r\u00e9s"}]},{"@type":"WebSite","@id":"https:\/\/sciencepark.hu\/#website","url":"https:\/\/sciencepark.hu\/","name":"Science Park","description":"Science Park","publisher":{"@id":"https:\/\/sciencepark.hu\/#organization"},"potentialAction":[{"@type":"SearchAction","target":{"@type":"EntryPoint","urlTemplate":"https:\/\/sciencepark.hu\/?s={search_term_string}"},"query-input":{"@type":"PropertyValueSpecification","valueRequired":true,"valueName":"search_term_string"}}],"inLanguage":"hu"},{"@type":"Organization","@id":"https:\/\/sciencepark.hu\/#organization","name":"Science Park","url":"https:\/\/sciencepark.hu\/","logo":{"@type":"ImageObject","inLanguage":"hu","@id":"https:\/\/sciencepark.hu\/#\/schema\/logo\/image\/","url":"https:\/\/sciencepark.hu\/wp-content\/uploads\/2026\/04\/logo-1.png","contentUrl":"https:\/\/sciencepark.hu\/wp-content\/uploads\/2026\/04\/logo-1.png","width":188,"height":104,"caption":"Science Park"},"image":{"@id":"https:\/\/sciencepark.hu\/#\/schema\/logo\/image\/"},"sameAs":["https:\/\/www.linkedin.com\/company\/science-park-offices-budapest"]}]}},"_links":{"self":[{"href":"https:\/\/sciencepark.hu\/hu\/wp-json\/wp\/v2\/pages\/561","targetHints":{"allow":["GET"]}}],"collection":[{"href":"https:\/\/sciencepark.hu\/hu\/wp-json\/wp\/v2\/pages"}],"about":[{"href":"https:\/\/sciencepark.hu\/hu\/wp-json\/wp\/v2\/types\/page"}],"author":[{"embeddable":true,"href":"https:\/\/sciencepark.hu\/hu\/wp-json\/wp\/v2\/users\/1"}],"replies":[{"embeddable":true,"href":"https:\/\/sciencepark.hu\/hu\/wp-json\/wp\/v2\/comments?post=561"}],"version-history":[{"count":60,"href":"https:\/\/sciencepark.hu\/hu\/wp-json\/wp\/v2\/pages\/561\/revisions"}],"predecessor-version":[{"id":1675,"href":"https:\/\/sciencepark.hu\/hu\/wp-json\/wp\/v2\/pages\/561\/revisions\/1675"}],"wp:attachment":[{"href":"https:\/\/sciencepark.hu\/hu\/wp-json\/wp\/v2\/media?parent=561"}],"curies":[{"name":"wp","href":"https:\/\/api.w.org\/{rel}","templated":true}]}}