

















































{"id":2,"date":"2016-09-21T14:44:06","date_gmt":"2016-09-21T14:44:06","guid":{"rendered":"http:\/\/dev.vermis.hu\/sciencepark\/?page_id=2"},"modified":"2026-04-01T16:25:48","modified_gmt":"2026-04-01T16:25:48","slug":"kiado-irodak","status":"publish","type":"page","link":"https:\/\/sciencepark.hu\/hu\/kiado-irodak\/","title":{"rendered":"Kiad\u00f3 irod\u00e1k"},"content":{"rendered":"<div class=\"wpb-content-wrapper\"><p>[vc_row full_width=&#8221;stretch_row&#8221; css=&#8221;.vc_custom_1734702034103{padding-bottom: 30px !important;}&#8221;][vc_column width=&#8221;1\/2&#8243;][vc_single_image image=&#8221;1799&#8243; img_size=&#8221;full&#8221; alignment=&#8221;center&#8221; css=&#8221;&#8221;][\/vc_column][vc_column width=&#8221;1\/2&#8243;][vc_row_inner][vc_column_inner width=&#8221;1\/3&#8243;][vc_btn title=&#8221;A \u00e9p. 1. em.&#8221; style=&#8221;custom&#8221; custom_background=&#8221;#f9b233&#8243; custom_text=&#8221;#ffffff&#8221; shape=&#8221;square&#8221; align=&#8221;center&#8221; link=&#8221;url:https%3A%2F%2Fsciencepark.hu%2Fwp-content%2Fuploads%2F2024%2F12%2F1A.pdf|title:A%20%C3%A9p.%201.%20em.|target:%20_blank|&#8221;][\/vc_column_inner][vc_column_inner width=&#8221;1\/3&#8243;][vc_btn title=&#8221;A \u00e9p. 2. em.&#8221; style=&#8221;custom&#8221; custom_background=&#8221;#f9b233&#8243; custom_text=&#8221;#ffffff&#8221; shape=&#8221;square&#8221; align=&#8221;center&#8221; link=&#8221;url:https%3A%2F%2Fsciencepark.hu%2Fwp-content%2Fuploads%2F2024%2F12%2F2A.pdf||target:%20_blank|&#8221;][\/vc_column_inner][vc_column_inner width=&#8221;1\/3&#8243;][vc_btn title=&#8221;A \u00e9p. 4. em.&#8221; style=&#8221;custom&#8221; custom_background=&#8221;#f9b233&#8243; custom_text=&#8221;#ffffff&#8221; shape=&#8221;square&#8221; align=&#8221;center&#8221; link=&#8221;url:https%3A%2F%2Fsciencepark.hu%2Fwp-content%2Fuploads%2F2024%2F12%2F4A1.pdf||target:%20_blank|&#8221;][\/vc_column_inner][\/vc_row_inner][vc_row_inner][vc_column_inner width=&#8221;1\/3&#8243;][\/vc_column_inner][vc_column_inner width=&#8221;1\/3&#8243;][\/vc_column_inner][vc_column_inner width=&#8221;1\/3&#8243;][\/vc_column_inner][\/vc_row_inner][vc_row_inner][vc_column_inner width=&#8221;1\/3&#8243;][vc_btn title=&#8221;B \u00e9p. 3. em.&#8221; style=&#8221;custom&#8221; custom_background=&#8221;#f9b233&#8243; custom_text=&#8221;#ffffff&#8221; shape=&#8221;square&#8221; align=&#8221;center&#8221; link=&#8221;url:https%3A%2F%2Fsciencepark.hu%2Fwp-content%2Fuploads%2F2024%2F12%2F3B3.pdf||target:%20_blank|&#8221;][\/vc_column_inner][vc_column_inner width=&#8221;1\/3&#8243;][vc_btn title=&#8221;B \u00e9p. 6. em.&#8221; style=&#8221;custom&#8221; custom_background=&#8221;#f9b233&#8243; custom_text=&#8221;#ffffff&#8221; shape=&#8221;square&#8221; align=&#8221;center&#8221; css=&#8221;&#8221; link=&#8221;url:https%3A%2F%2Fsciencepark.hu%2Fwp-content%2Fuploads%2F2025%2F09%2FB6_250430.pdf|target:_blank&#8221;][\/vc_column_inner][vc_column_inner width=&#8221;1\/3&#8243;][vc_btn title=&#8221;B \u00e9p. 7. em.&#8221; style=&#8221;custom&#8221; custom_background=&#8221;#f9b233&#8243; custom_text=&#8221;#ffffff&#8221; shape=&#8221;square&#8221; align=&#8221;center&#8221; link=&#8221;url:https%3A%2F%2Fsciencepark.hu%2Fwp-content%2Fuploads%2F2025%2F03%2FIrodaB7_alaprajz.jpg||target:%20_blank|&#8221;][\/vc_column_inner][\/vc_row_inner][vc_row_inner css=&#8221;.vc_custom_1734340322735{padding-top: 30px !important;padding-left: 70px !important;}&#8221;][vc_column_inner][vc_raw_html css=&#8221;&#8221;]JTNDaDIlM0UlM0Nmb250JTIwY29sb3IlM0QlMjIlMjMwYzgxYzUlMjIlM0VJbmRpa2F0JUMzJUFEdiUyMGIlQzMlQTlybGV0aSUyMGZlbHQlQzMlQTl0ZWxlayUzQSUzQyUyRmZvbnQlM0UlM0MlMkZoMiUzRSUwQSUzQ2ZvbnQlMjBjb2xvciUzRCUyMiUyMzM3MzczNyUyMiUzRSUwQSVFMiU4MCVBMiUwOTUlMjAlQzMlQTl2ZXMlMjBiJUMzJUE5cmxldGklMjBpZCVDNSU5MXRhcnRhbSUzQ2JyJTNFJTBBJUUyJTgwJUEyJTA5MyUyMGhhdmklMjBiaXp0b3MlQzMlQUR0JUMzJUE5ayUyMCUzQ2JyJTNFJTBBJUUyJTgwJUEyJTA5MyUyNSUyMGslQzMlQjZ6JUMzJUI2cyUyMHRlciVDMyVCQ2xldGklMjBzem9yeiVDMyVCMyUzQ2JyJTNFJTBBJUUyJTgwJUEyJTA5NyUyMEV1cm8lMkZtMiUyRmglQzMlQjMlMjAlMkIlMjAlQzMlODFGQSUyMGFsYXR0aSUyMCVDMyVCQ3plbWVsdGV0JUMzJUE5c2klMjBrJUMzJUI2bHRzJUMzJUE5ZyUzQ2JyJTNFJTBBJUUyJTgwJUEyJTA5QiVDMyVBOXJsZXRpJTIwZCVDMyVBRGolMjAxNi41JTIwRXVybyUyRm0yJTJGaCVDMyVCMyUyMCUyQiUyMCVDMyU4MUZBLXQlQzMlQjNsJTNDYnIlM0UlMEElRTIlODAlQTIlMDlQYXJrb2wlQzMlQTFzJTIwMTMwJTIwRXVybyUyRmhlbHklMkZoJUMzJUIzJTIwJTJCJTIwJUMzJTgxRkEtdCVDMyVCM2wlMEElMEElM0MlMkZmb250JTNF[\/vc_raw_html][\/vc_column_inner][\/vc_row_inner][\/vc_column][\/vc_row][vc_row full_width=&#8221;stretch_row&#8221; css=&#8221;.vc_custom_1734340932895{padding-bottom: 20px !important;background-color: #ffffff !important;}&#8221;][vc_column][vc_raw_html]JTNDaDIlMjBzdHlsZSUzRCUyMm1hcmdpbi10b3AlM0EyNXB4JTNCJTIyJTNFJTNDZm9udCUyMGNvbG9yJTNEJTIyJTIzMGM4MWM1JTIyJTNFS0lBRCVDMyU5MyUyMElST0QlQzMlODFLJTNDJTJGZm9udCUzRSUzQyUyRmgyJTNFJTBBJTNDZm9udCUyMGNvbG9yJTNEJTIyJTIzMzczNzM3JTIyJTNFQSUyMFNjaWVuY2UlMjBQYXJrJTIwcnVnYWxtYXNhbiUyMGFsYWslQzMlQUR0aGF0JUMzJUIzJTJDJTIwdGV0c3olQzUlOTFsZWdlcyUyMG0lQzMlQTlyZXQlQzUlQjElMjBpcm9kYXRlcmVrZXQlMjBrJUMzJUFEbiVDMyVBMWwlMjBsZWVuZCVDNSU5MSUyMGIlQzMlQTlybCVDNSU5MWluZWsuJTIwJTNDYnIlM0VBJTIwU2NpZW5jZSUyMFBhcmtvdCUyMHN6YWJhZG9uJTIwJUMzJUExbGwlQzMlQjMlMjAlQzMlQTlwJUMzJUJDbGV0ZWslMjBhbGtvdGolQzMlQTFrJTJDJTIwJUMzJUFEZ3klMjBiJUMzJUExcm1lbHklMjBzemludGolQzMlQTluJTIwYiVDNSU5MXMlQzMlQTlnZXMlMjBhJTIwdGVybSVDMyVBOXN6ZXRlcyUyMG1lZ3ZpbCVDMyVBMWclQzMlQUR0JUMzJUExcy4lMjBBeiUyMCVDMyVBMWxsYW5kJUMzJUIzJTIwZnJpc3MlMjBsZXZlZyVDNSU5MXIlQzUlOTFsJTIwbnlpdGhhdCVDMyVCMyUyMGFibGFrb2slMjAlQzMlQTlzJTIwaCVDNSVCMXQlQzUlOTFnZXJlbmQlQzMlQTFzJTIwbCVDMyVBOWdrb25kaWNpb24lQzMlQTFsJUMzJUExcyUyMGdvbmRvc2tvZGlrLiUyMCUzQ2JyJTNFJTBBQXolMjAlQzMlQTlwJUMzJUJDbGV0JTIwZmVsc3olQzMlQURuaSUyMCVDMyVBOXMlMjBtJUMzJUE5bHlnYXIlQzMlQTF6c2JhbiUyMGwlQzMlQTl2JUM1JTkxJTIwYmljaWtsaXQlQzMlQTFyb2wlQzMlQjNra2FsJTIwZWd5YXIlQzMlQTFudCUyMHJlbmRlbGtlemlrJTJDJTIwdG92JUMzJUExYmIlQzMlQTElMjAlQzMlQjZsdCVDMyVCNnolQzUlOTFrJTIwJUMzJUE5cyUyMHp1aGFueW96JUMzJUIzayUyMGlzJTIwZ29uZG9za29kbmFrJTIwYSUyMGtlciVDMyVBOWtwJUMzJUExcnJhbCUyMGslQzMlQjZ6bGVrZWQlQzUlOTElMjBkb2xnb3olQzMlQjNrJTIwbWluZGVubmFwaSUyMGslQzMlQTlueWVsbSVDMyVBOXIlQzUlOTFsLiUyMCUwQSUzQyUyRmZvbnQlM0U=[\/vc_raw_html][\/vc_column][\/vc_row]<\/p>\n<\/div>","protected":false},"excerpt":{"rendered":"<p>[vc_row full_width=&#8221;stretch_row&#8221; css=&#8221;.vc_custom_1734702034103{padding-bottom: 30px !important;}&#8221;][vc_column width=&#8221;1\/2&#8243;][vc_single_image image=&#8221;1799&#8243; img_size=&#8221;full&#8221; alignment=&#8221;center&#8221; css=&#8221;&#8221;][\/vc_column][vc_column width=&#8221;1\/2&#8243;][vc_row_inner][vc_column_inner width=&#8221;1\/3&#8243;][vc_btn title=&#8221;A \u00e9p. 1. em.&#8221; style=&#8221;custom&#8221; custom_background=&#8221;#f9b233&#8243; custom_text=&#8221;#ffffff&#8221; shape=&#8221;square&#8221; align=&#8221;center&#8221; link=&#8221;url:https%3A%2F%2Fsciencepark.hu%2Fwp-content%2Fuploads%2F2024%2F12%2F1A.pdf|title:A%20%C3%A9p.%201.%20em.|target:%20_blank|&#8221;][\/vc_column_inner][vc_column_inner width=&#8221;1\/3&#8243;][vc_btn title=&#8221;A \u00e9p. 2. em.&#8221; style=&#8221;custom&#8221; custom_background=&#8221;#f9b233&#8243; custom_text=&#8221;#ffffff&#8221; shape=&#8221;square&#8221; align=&#8221;center&#8221; link=&#8221;url:https%3A%2F%2Fsciencepark.hu%2Fwp-content%2Fuploads%2F2024%2F12%2F2A.pdf||target:%20_blank|&#8221;][\/vc_column_inner][vc_column_inner width=&#8221;1\/3&#8243;][vc_btn title=&#8221;A \u00e9p. 4. em.&#8221; style=&#8221;custom&#8221; custom_background=&#8221;#f9b233&#8243; custom_text=&#8221;#ffffff&#8221; shape=&#8221;square&#8221; align=&#8221;center&#8221; link=&#8221;url:https%3A%2F%2Fsciencepark.hu%2Fwp-content%2Fuploads%2F2024%2F12%2F4A1.pdf||target:%20_blank|&#8221;][\/vc_column_inner][\/vc_row_inner][vc_row_inner][vc_column_inner width=&#8221;1\/3&#8243;][\/vc_column_inner][vc_column_inner width=&#8221;1\/3&#8243;][\/vc_column_inner][vc_column_inner width=&#8221;1\/3&#8243;][\/vc_column_inner][\/vc_row_inner][vc_row_inner][vc_column_inner width=&#8221;1\/3&#8243;][vc_btn title=&#8221;B \u00e9p. 3. em.&#8221; style=&#8221;custom&#8221; custom_background=&#8221;#f9b233&#8243; custom_text=&#8221;#ffffff&#8221; shape=&#8221;square&#8221; align=&#8221;center&#8221; link=&#8221;url:https%3A%2F%2Fsciencepark.hu%2Fwp-content%2Fuploads%2F2024%2F12%2F3B3.pdf||target:%20_blank|&#8221;][\/vc_column_inner][vc_column_inner width=&#8221;1\/3&#8243;][vc_btn title=&#8221;B&hellip;<\/p>\n","protected":false},"author":1,"featured_media":0,"parent":0,"menu_order":0,"comment_status":"closed","ping_status":"closed","template":"","meta":{"inline_featured_image":false,"ngg_post_thumbnail":0,"footnotes":""},"class_list":["post-2","page","type-page","status-publish","hentry"],"yoast_head":"<!-- This site is optimized with the Yoast SEO plugin v27.3 - https:\/\/yoast.com\/product\/yoast-seo-wordpress\/ -->\n<title>Kiad\u00f3 irod\u00e1k - Science Park<\/title>\n<meta name=\"description\" content=\"A Science Park rugalmasan alak\u00edthat\u00f3, tetsz\u0151leges m\u00e9ret\u0171 irodatereket k\u00edn\u00e1l leend\u0151 b\u00e9rl\u0151inek.\" \/>\n<meta name=\"robots\" content=\"index, follow, max-snippet:-1, max-image-preview:large, max-video-preview:-1\" \/>\n<link rel=\"canonical\" href=\"https:\/\/sciencepark.hu\/hu\/kiado-irodak\/\" \/>\n<meta property=\"og:locale\" content=\"hu_HU\" \/>\n<meta property=\"og:type\" content=\"article\" \/>\n<meta property=\"og:title\" content=\"Kiad\u00f3 irod\u00e1k - Science Park\" \/>\n<meta property=\"og:description\" content=\"A Science Park rugalmasan alak\u00edthat\u00f3, tetsz\u0151leges m\u00e9ret\u0171 irodatereket k\u00edn\u00e1l leend\u0151 b\u00e9rl\u0151inek.\" \/>\n<meta property=\"og:url\" content=\"https:\/\/sciencepark.hu\/hu\/kiado-irodak\/\" \/>\n<meta property=\"og:site_name\" content=\"Science Park\" \/>\n<meta property=\"article:modified_time\" content=\"2026-04-01T16:25:48+00:00\" \/>\n<meta property=\"og:image\" content=\"https:\/\/sciencepark.hu\/wp-content\/uploads\/2026\/02\/sp_iroda_eng_v2-scaled.jpg\" \/>\n\t<meta property=\"og:image:width\" content=\"2560\" \/>\n\t<meta property=\"og:image:height\" content=\"1440\" \/>\n\t<meta property=\"og:image:type\" content=\"image\/jpeg\" \/>\n<meta name=\"twitter:card\" content=\"summary_large_image\" \/>\n<meta name=\"twitter:title\" content=\"Kiad\u00f3 irod\u00e1k - Science Park\" \/>\n<meta name=\"twitter:description\" content=\"A Science Park rugalmasan alak\u00edthat\u00f3, tetsz\u0151leges m\u00e9ret\u0171 irodatereket k\u00edn\u00e1l leend\u0151 b\u00e9rl\u0151inek.\" \/>\n<meta name=\"twitter:image\" content=\"https:\/\/sciencepark.hu\/wp-content\/uploads\/2026\/02\/sp_iroda_eng_v2-scaled.jpg\" \/>\n<meta name=\"twitter:label1\" content=\"Becs\u00fclt olvas\u00e1si id\u0151\" \/>\n\t<meta name=\"twitter:data1\" content=\"1 perc\" \/>\n<script type=\"application\/ld+json\" class=\"yoast-schema-graph\">{\"@context\":\"https:\\\/\\\/schema.org\",\"@graph\":[{\"@type\":\"WebPage\",\"@id\":\"https:\\\/\\\/sciencepark.hu\\\/hu\\\/kiado-irodak\\\/\",\"url\":\"https:\\\/\\\/sciencepark.hu\\\/hu\\\/kiado-irodak\\\/\",\"name\":\"Kiad\u00f3 irod\u00e1k - Science Park\",\"isPartOf\":{\"@id\":\"https:\\\/\\\/sciencepark.hu\\\/#website\"},\"datePublished\":\"2016-09-21T14:44:06+00:00\",\"dateModified\":\"2026-04-01T16:25:48+00:00\",\"description\":\"A Science Park rugalmasan alak\u00edthat\u00f3, tetsz\u0151leges m\u00e9ret\u0171 irodatereket k\u00edn\u00e1l leend\u0151 b\u00e9rl\u0151inek.\",\"breadcrumb\":{\"@id\":\"https:\\\/\\\/sciencepark.hu\\\/hu\\\/kiado-irodak\\\/#breadcrumb\"},\"inLanguage\":\"hu\",\"potentialAction\":[{\"@type\":\"ReadAction\",\"target\":[\"https:\\\/\\\/sciencepark.hu\\\/hu\\\/kiado-irodak\\\/\"]}]},{\"@type\":\"BreadcrumbList\",\"@id\":\"https:\\\/\\\/sciencepark.hu\\\/hu\\\/kiado-irodak\\\/#breadcrumb\",\"itemListElement\":[{\"@type\":\"ListItem\",\"position\":1,\"name\":\"Kezd\u0151lap\",\"item\":\"https:\\\/\\\/sciencepark.hu\\\/hu\\\/\"},{\"@type\":\"ListItem\",\"position\":2,\"name\":\"Kiad\u00f3 irod\u00e1k\"}]},{\"@type\":\"WebSite\",\"@id\":\"https:\\\/\\\/sciencepark.hu\\\/#website\",\"url\":\"https:\\\/\\\/sciencepark.hu\\\/\",\"name\":\"Science Park\",\"description\":\"Science Park\",\"publisher\":{\"@id\":\"https:\\\/\\\/sciencepark.hu\\\/#organization\"},\"potentialAction\":[{\"@type\":\"SearchAction\",\"target\":{\"@type\":\"EntryPoint\",\"urlTemplate\":\"https:\\\/\\\/sciencepark.hu\\\/?s={search_term_string}\"},\"query-input\":{\"@type\":\"PropertyValueSpecification\",\"valueRequired\":true,\"valueName\":\"search_term_string\"}}],\"inLanguage\":\"hu\"},{\"@type\":\"Organization\",\"@id\":\"https:\\\/\\\/sciencepark.hu\\\/#organization\",\"name\":\"Science Park\",\"url\":\"https:\\\/\\\/sciencepark.hu\\\/\",\"logo\":{\"@type\":\"ImageObject\",\"inLanguage\":\"hu\",\"@id\":\"https:\\\/\\\/sciencepark.hu\\\/#\\\/schema\\\/logo\\\/image\\\/\",\"url\":\"https:\\\/\\\/sciencepark.hu\\\/wp-content\\\/uploads\\\/2026\\\/04\\\/logo-1.png\",\"contentUrl\":\"https:\\\/\\\/sciencepark.hu\\\/wp-content\\\/uploads\\\/2026\\\/04\\\/logo-1.png\",\"width\":188,\"height\":104,\"caption\":\"Science Park\"},\"image\":{\"@id\":\"https:\\\/\\\/sciencepark.hu\\\/#\\\/schema\\\/logo\\\/image\\\/\"},\"sameAs\":[\"https:\\\/\\\/www.linkedin.com\\\/company\\\/science-park-offices-budapest\"]}]}<\/script>\n<!-- \/ Yoast SEO plugin. -->","yoast_head_json":{"title":"Kiad\u00f3 irod\u00e1k - Science Park","description":"A Science Park rugalmasan alak\u00edthat\u00f3, tetsz\u0151leges m\u00e9ret\u0171 irodatereket k\u00edn\u00e1l leend\u0151 b\u00e9rl\u0151inek.","robots":{"index":"index","follow":"follow","max-snippet":"max-snippet:-1","max-image-preview":"max-image-preview:large","max-video-preview":"max-video-preview:-1"},"canonical":"https:\/\/sciencepark.hu\/hu\/kiado-irodak\/","og_locale":"hu_HU","og_type":"article","og_title":"Kiad\u00f3 irod\u00e1k - Science Park","og_description":"A Science Park rugalmasan alak\u00edthat\u00f3, tetsz\u0151leges m\u00e9ret\u0171 irodatereket k\u00edn\u00e1l leend\u0151 b\u00e9rl\u0151inek.","og_url":"https:\/\/sciencepark.hu\/hu\/kiado-irodak\/","og_site_name":"Science Park","article_modified_time":"2026-04-01T16:25:48+00:00","og_image":[{"width":2560,"height":1440,"url":"https:\/\/sciencepark.hu\/wp-content\/uploads\/2026\/02\/sp_iroda_eng_v2-scaled.jpg","type":"image\/jpeg"}],"twitter_card":"summary_large_image","twitter_title":"Kiad\u00f3 irod\u00e1k - Science Park","twitter_description":"A Science Park rugalmasan alak\u00edthat\u00f3, tetsz\u0151leges m\u00e9ret\u0171 irodatereket k\u00edn\u00e1l leend\u0151 b\u00e9rl\u0151inek.","twitter_image":"https:\/\/sciencepark.hu\/wp-content\/uploads\/2026\/02\/sp_iroda_eng_v2-scaled.jpg","twitter_misc":{"Becs\u00fclt olvas\u00e1si id\u0151":"1 perc"},"schema":{"@context":"https:\/\/schema.org","@graph":[{"@type":"WebPage","@id":"https:\/\/sciencepark.hu\/hu\/kiado-irodak\/","url":"https:\/\/sciencepark.hu\/hu\/kiado-irodak\/","name":"Kiad\u00f3 irod\u00e1k - Science Park","isPartOf":{"@id":"https:\/\/sciencepark.hu\/#website"},"datePublished":"2016-09-21T14:44:06+00:00","dateModified":"2026-04-01T16:25:48+00:00","description":"A Science Park rugalmasan alak\u00edthat\u00f3, tetsz\u0151leges m\u00e9ret\u0171 irodatereket k\u00edn\u00e1l leend\u0151 b\u00e9rl\u0151inek.","breadcrumb":{"@id":"https:\/\/sciencepark.hu\/hu\/kiado-irodak\/#breadcrumb"},"inLanguage":"hu","potentialAction":[{"@type":"ReadAction","target":["https:\/\/sciencepark.hu\/hu\/kiado-irodak\/"]}]},{"@type":"BreadcrumbList","@id":"https:\/\/sciencepark.hu\/hu\/kiado-irodak\/#breadcrumb","itemListElement":[{"@type":"ListItem","position":1,"name":"Kezd\u0151lap","item":"https:\/\/sciencepark.hu\/hu\/"},{"@type":"ListItem","position":2,"name":"Kiad\u00f3 irod\u00e1k"}]},{"@type":"WebSite","@id":"https:\/\/sciencepark.hu\/#website","url":"https:\/\/sciencepark.hu\/","name":"Science Park","description":"Science Park","publisher":{"@id":"https:\/\/sciencepark.hu\/#organization"},"potentialAction":[{"@type":"SearchAction","target":{"@type":"EntryPoint","urlTemplate":"https:\/\/sciencepark.hu\/?s={search_term_string}"},"query-input":{"@type":"PropertyValueSpecification","valueRequired":true,"valueName":"search_term_string"}}],"inLanguage":"hu"},{"@type":"Organization","@id":"https:\/\/sciencepark.hu\/#organization","name":"Science Park","url":"https:\/\/sciencepark.hu\/","logo":{"@type":"ImageObject","inLanguage":"hu","@id":"https:\/\/sciencepark.hu\/#\/schema\/logo\/image\/","url":"https:\/\/sciencepark.hu\/wp-content\/uploads\/2026\/04\/logo-1.png","contentUrl":"https:\/\/sciencepark.hu\/wp-content\/uploads\/2026\/04\/logo-1.png","width":188,"height":104,"caption":"Science Park"},"image":{"@id":"https:\/\/sciencepark.hu\/#\/schema\/logo\/image\/"},"sameAs":["https:\/\/www.linkedin.com\/company\/science-park-offices-budapest"]}]}},"_links":{"self":[{"href":"https:\/\/sciencepark.hu\/hu\/wp-json\/wp\/v2\/pages\/2","targetHints":{"allow":["GET"]}}],"collection":[{"href":"https:\/\/sciencepark.hu\/hu\/wp-json\/wp\/v2\/pages"}],"about":[{"href":"https:\/\/sciencepark.hu\/hu\/wp-json\/wp\/v2\/types\/page"}],"author":[{"embeddable":true,"href":"https:\/\/sciencepark.hu\/hu\/wp-json\/wp\/v2\/users\/1"}],"replies":[{"embeddable":true,"href":"https:\/\/sciencepark.hu\/hu\/wp-json\/wp\/v2\/comments?post=2"}],"version-history":[{"count":60,"href":"https:\/\/sciencepark.hu\/hu\/wp-json\/wp\/v2\/pages\/2\/revisions"}],"predecessor-version":[{"id":1801,"href":"https:\/\/sciencepark.hu\/hu\/wp-json\/wp\/v2\/pages\/2\/revisions\/1801"}],"wp:attachment":[{"href":"https:\/\/sciencepark.hu\/hu\/wp-json\/wp\/v2\/media?parent=2"}],"curies":[{"name":"wp","href":"https:\/\/api.w.org\/{rel}","templated":true}]}}